{"id":32900,"date":"2024-07-18T13:14:37","date_gmt":"2024-07-18T11:14:37","guid":{"rendered":"https:\/\/jm-landon.com\/les-orphelins-du-village-de-dar-bouidar\/"},"modified":"2024-09-13T16:16:38","modified_gmt":"2024-09-13T14:16:38","slug":"les-orphelins-du-village-de-dar-bouidar","status":"publish","type":"page","link":"https:\/\/jm-landon.com\/en\/les-orphelins-du-village-de-dar-bouidar\/","title":{"rendered":"Les orphelins du village de Dar Bouidar"},"content":{"rendered":"\t\t<div data-elementor-type=\"wp-page\" data-elementor-id=\"32900\" class=\"elementor elementor-32900\" data-elementor-post-type=\"page\">\n\t\t\t\t\t\t<section class=\"elementor-section elementor-top-section elementor-element elementor-element-7ed84a4 elementor-section-full_width elementor-section-height-min-height elementor-section-height-default elementor-section-items-middle\" data-id=\"7ed84a4\" data-element_type=\"section\" data-e-type=\"section\" data-settings=\"{&quot;background_background&quot;:&quot;classic&quot;}\">\n\t\t\t\t\t\t<div class=\"elementor-container elementor-column-gap-default\">\n\t\t\t\t\t<div class=\"elementor-column elementor-col-100 elementor-top-column elementor-element elementor-element-9561b23\" data-id=\"9561b23\" data-element_type=\"column\" data-e-type=\"column\">\n\t\t\t<div class=\"elementor-widget-wrap elementor-element-populated\">\n\t\t\t\t\t\t<div class=\"elementor-element elementor-element-31f85fb elementor-widget elementor-widget-heading\" data-id=\"31f85fb\" data-element_type=\"widget\" data-e-type=\"widget\" data-widget_type=\"heading.default\">\n\t\t\t\t<div class=\"elementor-widget-container\">\n\t\t\t\t\t<h2 class=\"elementor-heading-title elementor-size-default\">Les orphelins du village de Dar Bouidar<\/h2>\t\t\t\t<\/div>\n\t\t\t\t<\/div>\n\t\t\t\t<div class=\"elementor-element elementor-element-627455e elementor-widget elementor-widget-heading\" data-id=\"627455e\" data-element_type=\"widget\" data-e-type=\"widget\" data-widget_type=\"heading.default\">\n\t\t\t\t<div class=\"elementor-widget-container\">\n\t\t\t\t\t<p class=\"elementor-heading-title elementor-size-default\">Tirages limit\u00e9s<\/p>\t\t\t\t<\/div>\n\t\t\t\t<\/div>\n\t\t\t\t<div class=\"elementor-element elementor-element-c2bfe15 elementor-widget-divider--view-line elementor-widget elementor-widget-divider\" data-id=\"c2bfe15\" data-element_type=\"widget\" data-e-type=\"widget\" data-widget_type=\"divider.default\">\n\t\t\t\t<div class=\"elementor-widget-container\">\n\t\t\t\t\t\t\t<div class=\"elementor-divider\">\n\t\t\t<span class=\"elementor-divider-separator\">\n\t\t\t\t\t\t<\/span>\n\t\t<\/div>\n\t\t\t\t\t\t<\/div>\n\t\t\t\t<\/div>\n\t\t\t\t<div class=\"elementor-element elementor-element-80aa51e elementor-widget elementor-widget-woolentor-product-tab\" data-id=\"80aa51e\" data-element_type=\"widget\" data-e-type=\"widget\" data-widget_type=\"woolentor-product-tab.default\">\n\t\t\t\t<div class=\"elementor-widget-container\">\n\t\t\t\t\t          \n        <div class=\"product-style\">\n\n            \n                            <div class=\"ht-row\">\n                    \n                        <div class=\"ht-col-lg-4 ht-col-md-6 ht-col-sm-6 ht-col-xs-12 mb-50\">\n                                                        <\/div>\n                                    <\/div>\n            \n        <\/div>  \n\n\n        \t\t\t\t<\/div>\n\t\t\t\t<\/div>\n\t\t\t\t<div class=\"elementor-element elementor-element-262f06f elementor-widget elementor-widget-woolentor-product-tab\" data-id=\"262f06f\" data-element_type=\"widget\" data-e-type=\"widget\" data-widget_type=\"woolentor-product-tab.default\">\n\t\t\t\t<div class=\"elementor-widget-container\">\n\t\t\t\t\t          \n        <div class=\"product-style\">\n\n            \n                            <div class=\"ht-row\">\n                    \n                        <div class=\"ht-col-lg-4 ht-col-md-6 ht-col-sm-6 ht-col-xs-12 mb-50\">\n                                                        <\/div>\n                                    <\/div>\n            \n        <\/div>  \n\n\n        \t\t\t\t<\/div>\n\t\t\t\t<\/div>\n\t\t\t\t\t<\/div>\n\t\t<\/div>\n\t\t\t\t\t<\/div>\n\t\t<\/section>\n\t\t\t\t<\/div>\n\t\t","protected":false},"excerpt":{"rendered":"<p>Les orphelins du village de Dar Bouidar Tirages limit\u00e9s Choix des options Dar Bouidar, le village des orphelins (Maroc) &#8211; Photo num\u00e9ro 9- Tirage limit\u00e9 \u00e0 10 exemplaires 140.00&nbsp;&euro; &ndash; 1,350.00&nbsp;&euro; Choix des options Dar Bouidar, le village des orphelins (Maroc) &#8211; Photo num\u00e9ro 8- Tirage limit\u00e9 \u00e0 10 exemplaires 140.00&nbsp;&euro; &ndash; 1,350.00&nbsp;&euro; Choix des [&hellip;]<\/p>\n","protected":false},"author":19954,"featured_media":0,"parent":0,"menu_order":0,"comment_status":"closed","ping_status":"closed","template":"elementor_header_footer","meta":{"site-sidebar-layout":"no-sidebar","site-content-layout":"page-builder","ast-site-content-layout":"default","site-content-style":"default","site-sidebar-style":"default","ast-global-header-display":"","ast-banner-title-visibility":"","ast-main-header-display":"","ast-hfb-above-header-display":"","ast-hfb-below-header-display":"","ast-hfb-mobile-header-display":"","site-post-title":"disabled","ast-breadcrumbs-content":"","ast-featured-img":"disabled","footer-sml-layout":"","ast-disable-related-posts":"","theme-transparent-header-meta":"","adv-header-id-meta":"","stick-header-meta":"","header-above-stick-meta":"","header-main-stick-meta":"","header-below-stick-meta":"","astra-migrate-meta-layouts":"default","ast-page-background-enabled":"default","ast-page-background-meta":{"desktop":{"background-color":"var(--ast-global-color-4)","background-image":"","background-repeat":"repeat","background-position":"center center","background-size":"auto","background-attachment":"scroll","background-type":"","background-media":"","overlay-type":"","overlay-color":"","overlay-opacity":"","overlay-gradient":""},"tablet":{"background-color":"","background-image":"","background-repeat":"repeat","background-position":"center center","background-size":"auto","background-attachment":"scroll","background-type":"","background-media":"","overlay-type":"","overlay-color":"","overlay-opacity":"","overlay-gradient":""},"mobile":{"background-color":"","background-image":"","background-repeat":"repeat","background-position":"center center","background-size":"auto","background-attachment":"scroll","background-type":"","background-media":"","overlay-type":"","overlay-color":"","overlay-opacity":"","overlay-gradient":""}},"ast-content-background-meta":{"desktop":{"background-color":"var(--ast-global-color-5)","background-image":"","background-repeat":"repeat","background-position":"center center","background-size":"auto","background-attachment":"scroll","background-type":"","background-media":"","overlay-type":"","overlay-color":"","overlay-opacity":"","overlay-gradient":""},"tablet":{"background-color":"var(--ast-global-color-5)","background-image":"","background-repeat":"repeat","background-position":"center center","background-size":"auto","background-attachment":"scroll","background-type":"","background-media":"","overlay-type":"","overlay-color":"","overlay-opacity":"","overlay-gradient":""},"mobile":{"background-color":"var(--ast-global-color-5)","background-image":"","background-repeat":"repeat","background-position":"center center","background-size":"auto","background-attachment":"scroll","background-type":"","background-media":"","overlay-type":"","overlay-color":"","overlay-opacity":"","overlay-gradient":""}},"footnotes":""},"class_list":["post-32900","page","type-page","status-publish","hentry"],"_links":{"self":[{"href":"https:\/\/jm-landon.com\/en\/wp-json\/wp\/v2\/pages\/32900","targetHints":{"allow":["GET"]}}],"collection":[{"href":"https:\/\/jm-landon.com\/en\/wp-json\/wp\/v2\/pages"}],"about":[{"href":"https:\/\/jm-landon.com\/en\/wp-json\/wp\/v2\/types\/page"}],"author":[{"embeddable":true,"href":"https:\/\/jm-landon.com\/en\/wp-json\/wp\/v2\/users\/19954"}],"replies":[{"embeddable":true,"href":"https:\/\/jm-landon.com\/en\/wp-json\/wp\/v2\/comments?post=32900"}],"version-history":[{"count":5,"href":"https:\/\/jm-landon.com\/en\/wp-json\/wp\/v2\/pages\/32900\/revisions"}],"predecessor-version":[{"id":33918,"href":"https:\/\/jm-landon.com\/en\/wp-json\/wp\/v2\/pages\/32900\/revisions\/33918"}],"wp:attachment":[{"href":"https:\/\/jm-landon.com\/en\/wp-json\/wp\/v2\/media?parent=32900"}],"curies":[{"name":"wp","href":"https:\/\/api.w.org\/{rel}","templated":true}]}}