{"id":32902,"date":"2022-10-17T15:13:41","date_gmt":"2022-10-17T13:13:41","guid":{"rendered":"https:\/\/jm-landon.com\/anamnese\/"},"modified":"2025-08-17T20:04:21","modified_gmt":"2025-08-17T18:04:21","slug":"anamnese","status":"publish","type":"page","link":"https:\/\/jm-landon.com\/en\/anamnese\/","title":{"rendered":"Anamn\u00e8se"},"content":{"rendered":"\t\t<div data-elementor-type=\"wp-page\" data-elementor-id=\"32902\" class=\"elementor elementor-32902 elementor-29748\" data-elementor-post-type=\"page\">\n\t\t\t\t\t\t<section class=\"elementor-section elementor-top-section elementor-element elementor-element-c8d3953 elementor-section-full_width elementor-section-height-min-height elementor-section-height-default elementor-section-items-middle\" data-id=\"c8d3953\" data-element_type=\"section\" data-e-type=\"section\" data-settings=\"{&quot;background_background&quot;:&quot;classic&quot;}\">\n\t\t\t\t\t\t<div class=\"elementor-container elementor-column-gap-default\">\n\t\t\t\t\t<div class=\"elementor-column elementor-col-100 elementor-top-column elementor-element elementor-element-23da0c2\" data-id=\"23da0c2\" data-element_type=\"column\" data-e-type=\"column\">\n\t\t\t<div class=\"elementor-widget-wrap elementor-element-populated\">\n\t\t\t\t\t\t<div class=\"elementor-element elementor-element-fe6dd62 elementor-widget elementor-widget-heading\" data-id=\"fe6dd62\" data-element_type=\"widget\" data-e-type=\"widget\" data-widget_type=\"heading.default\">\n\t\t\t\t<div class=\"elementor-widget-container\">\n\t\t\t\t\t<h2 class=\"elementor-heading-title elementor-size-default\">Femmes de courage - Anamn\u00e8se<\/h2>\t\t\t\t<\/div>\n\t\t\t\t<\/div>\n\t\t\t\t<div class=\"elementor-element elementor-element-cea7242 elementor-widget-divider--view-line elementor-widget elementor-widget-divider\" data-id=\"cea7242\" data-element_type=\"widget\" data-e-type=\"widget\" data-widget_type=\"divider.default\">\n\t\t\t\t<div class=\"elementor-widget-container\">\n\t\t\t\t\t\t\t<div class=\"elementor-divider\">\n\t\t\t<span class=\"elementor-divider-separator\">\n\t\t\t\t\t\t<\/span>\n\t\t<\/div>\n\t\t\t\t\t\t<\/div>\n\t\t\t\t<\/div>\n\t\t\t\t<div class=\"elementor-element elementor-element-239b322 elementor-widget elementor-widget-heading\" data-id=\"239b322\" data-element_type=\"widget\" data-e-type=\"widget\" data-widget_type=\"heading.default\">\n\t\t\t\t<div class=\"elementor-widget-container\">\n\t\t\t\t\t<p class=\"elementor-heading-title elementor-size-default\">Inspir\u00e9e de l\u2019Art-th\u00e9rapie, Anamn\u00e8se, signifiant en psychologie l\u2019histoire du sujet, est un documentaire photographique d\u00e9di\u00e9 aux \"m\u00e8res isol\u00e9es et\/ou victimes de violences conjugales. \nUne partie des photos ont \u00e9t\u00e9 r\u00e9alis\u00e9es via la m\u00e9thode de \"la double exposition.\"<br><br><b>Prix sur demande<\/b><\/p>\t\t\t\t<\/div>\n\t\t\t\t<\/div>\n\t\t\t\t<div class=\"elementor-element elementor-element-16b42bf elementor-widget elementor-widget-woolentor-product-tab\" data-id=\"16b42bf\" data-element_type=\"widget\" data-e-type=\"widget\" data-widget_type=\"woolentor-product-tab.default\">\n\t\t\t\t<div class=\"elementor-widget-container\">\n\t\t\t\t\t          \n        <div class=\"product-style\">\n\n            \n                            <div class=\"ht-row\">\n                    \n                        <div class=\"ht-col-lg-4 ht-col-md-6 ht-col-sm-6 ht-col-xs-12 mb-50\">\n                            \n                                <div class=\"product-item  \">\n\n                                    <div class=\"product-inner\">\n                                        <div class=\"image-wrap\">\n                                            <a href=\"https:\/\/jm-landon.com\/en\/produit\/anamnese-numero-3-oeuvre-numerotee-et-limitee-a-5-exemplaires-2\/\" class=\"image\">\n                                                <img fetchpriority=\"high\" decoding=\"async\" width=\"600\" height=\"900\" src=\"https:\/\/jm-landon.com\/wp-content\/uploads\/2021\/07\/v1-mimi-JPEG-600x900.jpg\" class=\"attachment-woocommerce_thumbnail size-woocommerce_thumbnail\" alt=\"Anamn\u00e8se -  Num\u00e9ro 3- \u0152uvre num\u00e9rot\u00e9e et limit\u00e9e \u00e0 5 exemplaires\" srcset=\"https:\/\/jm-landon.com\/wp-content\/uploads\/2021\/07\/v1-mimi-JPEG-600x900.jpg 600w, https:\/\/jm-landon.com\/wp-content\/uploads\/2021\/07\/v1-mimi-JPEG-200x300.jpg 200w, https:\/\/jm-landon.com\/wp-content\/uploads\/2021\/07\/v1-mimi-JPEG-683x1024.jpg 683w, https:\/\/jm-landon.com\/wp-content\/uploads\/2021\/07\/v1-mimi-JPEG.jpg 700w\" sizes=\"(max-width: 600px) 100vw, 600px\" \/>                                            <\/a>\n                                                                                                                                        <div class=\"actions \">\n                                                    <a href=\"https:\/\/jm-landon.com\/en\/produit\/anamnese-numero-3-oeuvre-numerotee-et-limitee-a-5-exemplaires-2\/\" aria-describedby=\"woocommerce_loop_add_to_cart_link_describedby_34216\" data-quantity=\"1\" class=\"button product_type_variable add_to_cart_button\" data-product_id=\"34216\" data-product_sku=\"\" aria-label=\"Select options for &ldquo;Anamn\u00e8se -  Num\u00e9ro 3- \u0152uvre num\u00e9rot\u00e9e et limit\u00e9e \u00e0 5 exemplaires&rdquo;\" rel=\"nofollow\">Select options<\/a>\t<span id=\"woocommerce_loop_add_to_cart_link_describedby_34216\" class=\"screen-reader-text\">\n\t\tThis product has multiple variants. The options may be chosen on the product page\t<\/span>\n                                                <\/div>\n                                            \n                                            \n                                        <\/div>\n                                        \n                                        <div class=\"content\">\n                                            <h4 class=\"title\"><a href=\"https:\/\/jm-landon.com\/en\/produit\/anamnese-numero-3-oeuvre-numerotee-et-limitee-a-5-exemplaires-2\/\">Anamn\u00e8se &#8211;  Num\u00e9ro 3- \u0152uvre num\u00e9rot\u00e9e et limit\u00e9e \u00e0 5 exemplaires<\/a><\/h4>\n                                            \n                                                                                    <\/div>\n                                    <\/div>\n\n                                <\/div>\n\n                                                       <\/div>\n                            <div class=\"ht-col-lg-4 ht-col-md-6 ht-col-sm-6 ht-col-xs-12 mb-50\">\n                                \n                                <div class=\"product-item  \">\n\n                                    <div class=\"product-inner\">\n                                        <div class=\"image-wrap\">\n                                            <a href=\"https:\/\/jm-landon.com\/en\/produit\/anamnese-numero-8-oeuvre-numerotee-et-limitee-a-5-exemplaires\/\" class=\"image\">\n                                                <img decoding=\"async\" width=\"600\" height=\"900\" src=\"https:\/\/jm-landon.com\/wp-content\/uploads\/2021\/05\/8-anamnese-version-defffffff-600x900.jpg\" class=\"attachment-woocommerce_thumbnail size-woocommerce_thumbnail\" alt=\"Anamn\u00e8se -  Num\u00e9ro 8- \u0152uvre num\u00e9rot\u00e9e et limit\u00e9e \u00e0 5 exemplaires\" srcset=\"https:\/\/jm-landon.com\/wp-content\/uploads\/2021\/05\/8-anamnese-version-defffffff-600x900.jpg 600w, https:\/\/jm-landon.com\/wp-content\/uploads\/2021\/05\/8-anamnese-version-defffffff-200x300.jpg 200w, https:\/\/jm-landon.com\/wp-content\/uploads\/2021\/05\/8-anamnese-version-defffffff-683x1024.jpg 683w, https:\/\/jm-landon.com\/wp-content\/uploads\/2021\/05\/8-anamnese-version-defffffff.jpg 700w\" sizes=\"(max-width: 600px) 100vw, 600px\" \/>                                            <\/a>\n                                                                                                                                        <div class=\"actions \">\n                                                    <a href=\"https:\/\/jm-landon.com\/en\/produit\/anamnese-numero-8-oeuvre-numerotee-et-limitee-a-5-exemplaires\/\" aria-describedby=\"woocommerce_loop_add_to_cart_link_describedby_34250\" data-quantity=\"1\" class=\"button product_type_variable add_to_cart_button\" data-product_id=\"34250\" data-product_sku=\"\" aria-label=\"Select options for &ldquo;Anamn\u00e8se -  Num\u00e9ro 8- \u0152uvre num\u00e9rot\u00e9e et limit\u00e9e \u00e0 5 exemplaires&rdquo;\" rel=\"nofollow\">Select options<\/a>\t<span id=\"woocommerce_loop_add_to_cart_link_describedby_34250\" class=\"screen-reader-text\">\n\t\tThis product has multiple variants. The options may be chosen on the product page\t<\/span>\n                                                <\/div>\n                                            \n                                            \n                                        <\/div>\n                                        \n                                        <div class=\"content\">\n                                            <h4 class=\"title\"><a href=\"https:\/\/jm-landon.com\/en\/produit\/anamnese-numero-8-oeuvre-numerotee-et-limitee-a-5-exemplaires\/\">Anamn\u00e8se &#8211;  Num\u00e9ro 8- \u0152uvre num\u00e9rot\u00e9e et limit\u00e9e \u00e0 5 exemplaires<\/a><\/h4>\n                                            \n                                                                                    <\/div>\n                                    <\/div>\n\n                                <\/div>\n\n                                                       <\/div>\n                            <div class=\"ht-col-lg-4 ht-col-md-6 ht-col-sm-6 ht-col-xs-12 mb-50\">\n                                \n                                <div class=\"product-item  \">\n\n                                    <div class=\"product-inner\">\n                                        <div class=\"image-wrap\">\n                                            <a href=\"https:\/\/jm-landon.com\/en\/produit\/anamnese-numero-4-oeuvre-numerotee-et-limitee-a-5-exemplaires\/\" class=\"image\">\n                                                <img decoding=\"async\" width=\"600\" height=\"900\" src=\"https:\/\/jm-landon.com\/wp-content\/uploads\/2021\/05\/Anamnese-imbroglio-part-I-600x900.jpg\" class=\"attachment-woocommerce_thumbnail size-woocommerce_thumbnail\" alt=\"Anamn\u00e8se -  Num\u00e9ro 4 - \u0152uvre num\u00e9rot\u00e9e et limit\u00e9e \u00e0 5 exemplaires\" srcset=\"https:\/\/jm-landon.com\/wp-content\/uploads\/2021\/05\/Anamnese-imbroglio-part-I-600x900.jpg 600w, https:\/\/jm-landon.com\/wp-content\/uploads\/2021\/05\/Anamnese-imbroglio-part-I-200x300.jpg 200w, https:\/\/jm-landon.com\/wp-content\/uploads\/2021\/05\/Anamnese-imbroglio-part-I-683x1024.jpg 683w, https:\/\/jm-landon.com\/wp-content\/uploads\/2021\/05\/Anamnese-imbroglio-part-I.jpg 700w\" sizes=\"(max-width: 600px) 100vw, 600px\" \/>                                            <\/a>\n                                                                                                                                        <div class=\"actions \">\n                                                    <a href=\"https:\/\/jm-landon.com\/en\/produit\/anamnese-numero-4-oeuvre-numerotee-et-limitee-a-5-exemplaires\/\" aria-describedby=\"woocommerce_loop_add_to_cart_link_describedby_34301\" data-quantity=\"1\" class=\"button product_type_variable add_to_cart_button\" data-product_id=\"34301\" data-product_sku=\"\" aria-label=\"Select options for &ldquo;Anamn\u00e8se -  Num\u00e9ro 4 - \u0152uvre num\u00e9rot\u00e9e et limit\u00e9e \u00e0 5 exemplaires&rdquo;\" rel=\"nofollow\">Select options<\/a>\t<span id=\"woocommerce_loop_add_to_cart_link_describedby_34301\" class=\"screen-reader-text\">\n\t\tThis product has multiple variants. The options may be chosen on the product page\t<\/span>\n                                                <\/div>\n                                            \n                                            \n                                        <\/div>\n                                        \n                                        <div class=\"content\">\n                                            <h4 class=\"title\"><a href=\"https:\/\/jm-landon.com\/en\/produit\/anamnese-numero-4-oeuvre-numerotee-et-limitee-a-5-exemplaires\/\">Anamn\u00e8se &#8211;  Num\u00e9ro 4 &#8211; \u0152uvre num\u00e9rot\u00e9e et limit\u00e9e \u00e0 5 exemplaires<\/a><\/h4>\n                                            \n                                                                                    <\/div>\n                                    <\/div>\n\n                                <\/div>\n\n                                                       <\/div>\n                                    <\/div>\n            \n        <\/div>  \n\n\n        \t\t\t\t<\/div>\n\t\t\t\t<\/div>\n\t\t\t\t<div class=\"elementor-element elementor-element-d68905c elementor-widget elementor-widget-woolentor-product-tab\" data-id=\"d68905c\" data-element_type=\"widget\" data-e-type=\"widget\" data-widget_type=\"woolentor-product-tab.default\">\n\t\t\t\t<div class=\"elementor-widget-container\">\n\t\t\t\t\t          \n        <div class=\"product-style\">\n\n            \n                            <div class=\"ht-row\">\n                    \n                        <div class=\"ht-col-lg-4 ht-col-md-6 ht-col-sm-6 ht-col-xs-12 mb-50\">\n                            \n                                <div class=\"product-item  \">\n\n                                    <div class=\"product-inner\">\n                                        <div class=\"image-wrap\">\n                                            <a href=\"https:\/\/jm-landon.com\/en\/produit\/anamnese-numero-9-oeuvre-numerotee-et-limitee-a-5-exemplaires\/\" class=\"image\">\n                                                <img loading=\"lazy\" decoding=\"async\" width=\"600\" height=\"400\" src=\"https:\/\/jm-landon.com\/wp-content\/uploads\/2021\/05\/Anamnese-Mysticisme-part-I-600x400.jpg\" class=\"attachment-woocommerce_thumbnail size-woocommerce_thumbnail\" alt=\"Anamn\u00e8se -  Num\u00e9ro 6- \u0152uvre num\u00e9rot\u00e9e et limit\u00e9e \u00e0 5 exemplaires\" srcset=\"https:\/\/jm-landon.com\/wp-content\/uploads\/2021\/05\/Anamnese-Mysticisme-part-I-600x400.jpg 600w, https:\/\/jm-landon.com\/wp-content\/uploads\/2021\/05\/Anamnese-Mysticisme-part-I-300x200.jpg 300w, https:\/\/jm-landon.com\/wp-content\/uploads\/2021\/05\/Anamnese-Mysticisme-part-I-1024x683.jpg 1024w, https:\/\/jm-landon.com\/wp-content\/uploads\/2021\/05\/Anamnese-Mysticisme-part-I-768x512.jpg 768w, https:\/\/jm-landon.com\/wp-content\/uploads\/2021\/05\/Anamnese-Mysticisme-part-I.jpg 1050w\" sizes=\"(max-width: 600px) 100vw, 600px\" \/>                                            <\/a>\n                                                                                                                                        <div class=\"actions \">\n                                                    <a href=\"https:\/\/jm-landon.com\/en\/produit\/anamnese-numero-9-oeuvre-numerotee-et-limitee-a-5-exemplaires\/\" aria-describedby=\"woocommerce_loop_add_to_cart_link_describedby_34267\" data-quantity=\"1\" class=\"button product_type_variable add_to_cart_button\" data-product_id=\"34267\" data-product_sku=\"\" aria-label=\"Select options for &ldquo;Anamn\u00e8se -  Num\u00e9ro 6- \u0152uvre num\u00e9rot\u00e9e et limit\u00e9e \u00e0 5 exemplaires&rdquo;\" rel=\"nofollow\">Select options<\/a>\t<span id=\"woocommerce_loop_add_to_cart_link_describedby_34267\" class=\"screen-reader-text\">\n\t\tThis product has multiple variants. The options may be chosen on the product page\t<\/span>\n                                                <\/div>\n                                            \n                                            \n                                        <\/div>\n                                        \n                                        <div class=\"content\">\n                                            <h4 class=\"title\"><a href=\"https:\/\/jm-landon.com\/en\/produit\/anamnese-numero-9-oeuvre-numerotee-et-limitee-a-5-exemplaires\/\">Anamn\u00e8se &#8211;  Num\u00e9ro 6- \u0152uvre num\u00e9rot\u00e9e et limit\u00e9e \u00e0 5 exemplaires<\/a><\/h4>\n                                            \n                                                                                    <\/div>\n                                    <\/div>\n\n                                <\/div>\n\n                                                       <\/div>\n                            <div class=\"ht-col-lg-4 ht-col-md-6 ht-col-sm-6 ht-col-xs-12 mb-50\">\n                                \n                                <div class=\"product-item  \">\n\n                                    <div class=\"product-inner\">\n                                        <div class=\"image-wrap\">\n                                            <a href=\"https:\/\/jm-landon.com\/en\/produit\/anamnese-numero-3-oeuvre-numerotee-et-limitee-a-5-exemplaires\/\" class=\"image\">\n                                                <img loading=\"lazy\" decoding=\"async\" width=\"600\" height=\"400\" src=\"https:\/\/jm-landon.com\/wp-content\/uploads\/2021\/05\/Anamnese-Exutoire-part-I-600x400.jpg\" class=\"attachment-woocommerce_thumbnail size-woocommerce_thumbnail\" alt=\"Anamn\u00e8se -  Num\u00e9ro 9- \u0152uvre num\u00e9rot\u00e9e et limit\u00e9e \u00e0 5 exemplaires\" srcset=\"https:\/\/jm-landon.com\/wp-content\/uploads\/2021\/05\/Anamnese-Exutoire-part-I-600x400.jpg 600w, https:\/\/jm-landon.com\/wp-content\/uploads\/2021\/05\/Anamnese-Exutoire-part-I-300x200.jpg 300w, https:\/\/jm-landon.com\/wp-content\/uploads\/2021\/05\/Anamnese-Exutoire-part-I-1024x683.jpg 1024w, https:\/\/jm-landon.com\/wp-content\/uploads\/2021\/05\/Anamnese-Exutoire-part-I-768x512.jpg 768w, https:\/\/jm-landon.com\/wp-content\/uploads\/2021\/05\/Anamnese-Exutoire-part-I.jpg 1050w\" sizes=\"(max-width: 600px) 100vw, 600px\" \/>                                            <\/a>\n                                                                                                                                        <div class=\"actions \">\n                                                    <a href=\"https:\/\/jm-landon.com\/en\/produit\/anamnese-numero-3-oeuvre-numerotee-et-limitee-a-5-exemplaires\/\" aria-describedby=\"woocommerce_loop_add_to_cart_link_describedby_34284\" data-quantity=\"1\" class=\"button product_type_variable add_to_cart_button\" data-product_id=\"34284\" data-product_sku=\"\" aria-label=\"Select options for &ldquo;Anamn\u00e8se -  Num\u00e9ro 9- \u0152uvre num\u00e9rot\u00e9e et limit\u00e9e \u00e0 5 exemplaires&rdquo;\" rel=\"nofollow\">Select options<\/a>\t<span id=\"woocommerce_loop_add_to_cart_link_describedby_34284\" class=\"screen-reader-text\">\n\t\tThis product has multiple variants. The options may be chosen on the product page\t<\/span>\n                                                <\/div>\n                                            \n                                            \n                                        <\/div>\n                                        \n                                        <div class=\"content\">\n                                            <h4 class=\"title\"><a href=\"https:\/\/jm-landon.com\/en\/produit\/anamnese-numero-3-oeuvre-numerotee-et-limitee-a-5-exemplaires\/\">Anamn\u00e8se &#8211;  Num\u00e9ro 9- \u0152uvre num\u00e9rot\u00e9e et limit\u00e9e \u00e0 5 exemplaires<\/a><\/h4>\n                                            \n                                                                                    <\/div>\n                                    <\/div>\n\n                                <\/div>\n\n                                                       <\/div>\n                                    <\/div>\n            \n        <\/div>  \n\n\n        \t\t\t\t<\/div>\n\t\t\t\t<\/div>\n\t\t\t\t\t<\/div>\n\t\t<\/div>\n\t\t\t\t\t<\/div>\n\t\t<\/section>\n\t\t\t\t<\/div>\n\t\t","protected":false},"excerpt":{"rendered":"<p>Femmes de courage &#8211; Anamn\u00e8se Inspir\u00e9e de l\u2019Art-th\u00e9rapie, Anamn\u00e8se, signifiant en psychologie l\u2019histoire du sujet, est un documentaire photographique d\u00e9di\u00e9 aux &#8220;m\u00e8res isol\u00e9es et\/ou victimes de violences conjugales. Une partie des photos ont \u00e9t\u00e9 r\u00e9alis\u00e9es via la m\u00e9thode de &#8220;la double exposition.&#8221; Prix sur demande Lire la suite \u00c9cho 2 &#8211; \u0152uvre num\u00e9rot\u00e9e et limit\u00e9e [&hellip;]<\/p>\n","protected":false},"author":19954,"featured_media":0,"parent":0,"menu_order":0,"comment_status":"closed","ping_status":"closed","template":"","meta":{"site-sidebar-layout":"no-sidebar","site-content-layout":"page-builder","ast-site-content-layout":"default","site-content-style":"default","site-sidebar-style":"default","ast-global-header-display":"","ast-banner-title-visibility":"","ast-main-header-display":"","ast-hfb-above-header-display":"","ast-hfb-below-header-display":"","ast-hfb-mobile-header-display":"","site-post-title":"","ast-breadcrumbs-content":"","ast-featured-img":"disabled","footer-sml-layout":"","ast-disable-related-posts":"","theme-transparent-header-meta":"","adv-header-id-meta":"","stick-header-meta":"","header-above-stick-meta":"","header-main-stick-meta":"","header-below-stick-meta":"","astra-migrate-meta-layouts":"default","ast-page-background-enabled":"default","ast-page-background-meta":{"desktop":{"background-color":"var(--ast-global-color-4)","background-image":"","background-repeat":"repeat","background-position":"center center","background-size":"auto","background-attachment":"scroll","background-type":"","background-media":"","overlay-type":"","overlay-color":"","overlay-opacity":"","overlay-gradient":""},"tablet":{"background-color":"","background-image":"","background-repeat":"repeat","background-position":"center center","background-size":"auto","background-attachment":"scroll","background-type":"","background-media":"","overlay-type":"","overlay-color":"","overlay-opacity":"","overlay-gradient":""},"mobile":{"background-color":"","background-image":"","background-repeat":"repeat","background-position":"center center","background-size":"auto","background-attachment":"scroll","background-type":"","background-media":"","overlay-type":"","overlay-color":"","overlay-opacity":"","overlay-gradient":""}},"ast-content-background-meta":{"desktop":{"background-color":"var(--ast-global-color-5)","background-image":"","background-repeat":"repeat","background-position":"center center","background-size":"auto","background-attachment":"scroll","background-type":"","background-media":"","overlay-type":"","overlay-color":"","overlay-opacity":"","overlay-gradient":""},"tablet":{"background-color":"var(--ast-global-color-5)","background-image":"","background-repeat":"repeat","background-position":"center center","background-size":"auto","background-attachment":"scroll","background-type":"","background-media":"","overlay-type":"","overlay-color":"","overlay-opacity":"","overlay-gradient":""},"mobile":{"background-color":"var(--ast-global-color-5)","background-image":"","background-repeat":"repeat","background-position":"center center","background-size":"auto","background-attachment":"scroll","background-type":"","background-media":"","overlay-type":"","overlay-color":"","overlay-opacity":"","overlay-gradient":""}},"footnotes":""},"class_list":["post-32902","page","type-page","status-publish","hentry","desktop-align-left","tablet-align-left","mobile-align-left"],"_links":{"self":[{"href":"https:\/\/jm-landon.com\/en\/wp-json\/wp\/v2\/pages\/32902","targetHints":{"allow":["GET"]}}],"collection":[{"href":"https:\/\/jm-landon.com\/en\/wp-json\/wp\/v2\/pages"}],"about":[{"href":"https:\/\/jm-landon.com\/en\/wp-json\/wp\/v2\/types\/page"}],"author":[{"embeddable":true,"href":"https:\/\/jm-landon.com\/en\/wp-json\/wp\/v2\/users\/19954"}],"replies":[{"embeddable":true,"href":"https:\/\/jm-landon.com\/en\/wp-json\/wp\/v2\/comments?post=32902"}],"version-history":[{"count":22,"href":"https:\/\/jm-landon.com\/en\/wp-json\/wp\/v2\/pages\/32902\/revisions"}],"predecessor-version":[{"id":37673,"href":"https:\/\/jm-landon.com\/en\/wp-json\/wp\/v2\/pages\/32902\/revisions\/37673"}],"wp:attachment":[{"href":"https:\/\/jm-landon.com\/en\/wp-json\/wp\/v2\/media?parent=32902"}],"curies":[{"name":"wp","href":"https:\/\/api.w.org\/{rel}","templated":true}]}}