{"id":32913,"date":"2021-12-03T01:26:06","date_gmt":"2021-12-03T00:26:06","guid":{"rendered":"https:\/\/jm-landon.com\/documentaires-et-reportages\/"},"modified":"2025-08-02T22:13:27","modified_gmt":"2025-08-02T20:13:27","slug":"documentaires-et-reportages","status":"publish","type":"page","link":"https:\/\/jm-landon.com\/en\/documentaires-et-reportages\/","title":{"rendered":"Documentaires et reportages"},"content":{"rendered":"<h2>Documentaires<\/h2>\n<h2>&#038; reportages<\/h2>\n<h2><a href=\"https:\/\/linstablephoto.fr\/femmes-de-courage\/\">Femmes de courage<\/a><\/h2>\n<p>\t\t\t\t\t\t\t\t\t\t\t\t\t\t\t\t<a href=\"https:\/\/linstablephoto.fr\/femmes-de-courage\/\"><br \/>\n\t\t\t\t\t\t\t<img loading=\"lazy\" decoding=\"async\" width=\"1024\" height=\"683\" src=\"https:\/\/linstablephoto.fr\/wp-content\/uploads\/2021\/12\/Femmes-de-courage-photo-1-1024x683.jpg\" alt=\"\" loading=\"lazy\" srcset=\"https:\/\/linstablephoto.fr\/wp-content\/uploads\/2021\/12\/Femmes-de-courage-photo-1-1024x683.jpg 1024w, https:\/\/linstablephoto.fr\/wp-content\/uploads\/2021\/12\/Femmes-de-courage-photo-1-300x200.jpg 300w, https:\/\/linstablephoto.fr\/wp-content\/uploads\/2021\/12\/Femmes-de-courage-photo-1-768x512.jpg 768w, https:\/\/linstablephoto.fr\/wp-content\/uploads\/2021\/12\/Femmes-de-courage-photo-1-600x400.jpg 600w, https:\/\/linstablephoto.fr\/wp-content\/uploads\/2021\/12\/Femmes-de-courage-photo-1.jpg 1050w\" sizes=\"auto, (max-width: 1024px) 100vw, 1024px\" \/>\t\t\t\t\t\t\t\t<\/a><br \/>\n\t\t\t<a href=\"https:\/\/linstablephoto.fr\/femmes-de-courage\/\" role=\"button\"><br \/>\n\t\t\t\t\t\tD\u00e9couvrir<br \/>\n\t\t\t\t\t<\/a><\/p>\n<h2><a href=\"https:\/\/linstablephoto.fr\/la-vie-des-blocs\/\">La vie des blocs<\/a><\/h2>\n<p>\t\t\t\t\t\t\t\t\t\t\t\t\t\t\t\t<a href=\"https:\/\/linstablephoto.fr\/la-vie-des-blocs\/\"><br \/>\n\t\t\t\t\t\t\t<img loading=\"lazy\" decoding=\"async\" width=\"1024\" height=\"683\" src=\"https:\/\/linstablephoto.fr\/wp-content\/uploads\/2018\/10\/Crocs-blancs-1024x683.jpg\" alt=\"La vie des blocs\" loading=\"lazy\" srcset=\"https:\/\/linstablephoto.fr\/wp-content\/uploads\/2018\/10\/Crocs-blancs-1024x683.jpg 1024w, https:\/\/linstablephoto.fr\/wp-content\/uploads\/2018\/10\/Crocs-blancs-300x200.jpg 300w, https:\/\/linstablephoto.fr\/wp-content\/uploads\/2018\/10\/Crocs-blancs-768x512.jpg 768w, https:\/\/linstablephoto.fr\/wp-content\/uploads\/2018\/10\/Crocs-blancs-600x400.jpg 600w, https:\/\/linstablephoto.fr\/wp-content\/uploads\/2018\/10\/Crocs-blancs.jpg 1050w\" sizes=\"auto, (max-width: 1024px) 100vw, 1024px\" \/>\t\t\t\t\t\t\t\t<\/a><br \/>\n\t\t\t<a href=\"https:\/\/linstablephoto.fr\/la-vie-des-blocs\/\" role=\"button\"><br \/>\n\t\t\t\t\t\tD\u00e9couvrir<br \/>\n\t\t\t\t\t<\/a><\/p>\n<h2><a href=\"https:\/\/linstablephoto.fr\/etre-refugies-en-province-parcours-de-vies\/\">R\u00e9fugi\u00e9s en Province<\/a><\/h2>\n<p>\t\t\t\t\t\t\t\t\t\t\t\t\t\t\t\t<a href=\"https:\/\/linstablephoto.fr\/etre-refugies-en-province-parcours-de-vies\/\"><br \/>\n\t\t\t\t\t\t\t<img loading=\"lazy\" decoding=\"async\" width=\"1024\" height=\"683\" src=\"https:\/\/linstablephoto.fr\/wp-content\/uploads\/2021\/12\/Etre-refugie-en-province-tirage-12-1024x683.jpg\" alt=\"\" loading=\"lazy\" srcset=\"https:\/\/linstablephoto.fr\/wp-content\/uploads\/2021\/12\/Etre-refugie-en-province-tirage-12-1024x683.jpg 1024w, https:\/\/linstablephoto.fr\/wp-content\/uploads\/2021\/12\/Etre-refugie-en-province-tirage-12-300x200.jpg 300w, https:\/\/linstablephoto.fr\/wp-content\/uploads\/2021\/12\/Etre-refugie-en-province-tirage-12-768x512.jpg 768w, https:\/\/linstablephoto.fr\/wp-content\/uploads\/2021\/12\/Etre-refugie-en-province-tirage-12-600x400.jpg 600w, https:\/\/linstablephoto.fr\/wp-content\/uploads\/2021\/12\/Etre-refugie-en-province-tirage-12.jpg 1050w\" sizes=\"auto, (max-width: 1024px) 100vw, 1024px\" \/>\t\t\t\t\t\t\t\t<\/a><br \/>\n\t\t\t<a href=\"https:\/\/linstablephoto.fr\/etre-refugies-en-province-parcours-de-vies\/\" role=\"button\"><br \/>\n\t\t\t\t\t\tD\u00e9couvrir<br \/>\n\t\t\t\t\t<\/a><\/p>\n<h2><a href=\"https:\/\/linstablephoto.fr\/la-jungle-de-calais\/\">La jungle de Calais<\/a><\/h2>\n<p>\t\t\t\t\t\t\t\t\t\t\t\t\t\t\t\t<a href=\"https:\/\/linstablephoto.fr\/la-jungle-de-calais\/\"><br \/>\n\t\t\t\t\t\t\t<img loading=\"lazy\" decoding=\"async\" width=\"1024\" height=\"684\" src=\"https:\/\/linstablephoto.fr\/wp-content\/uploads\/2021\/12\/La-jungle-de-Calais-Tirage-9-2016-1024x684.jpg\" alt=\"\" loading=\"lazy\" srcset=\"https:\/\/linstablephoto.fr\/wp-content\/uploads\/2021\/12\/La-jungle-de-Calais-Tirage-9-2016-1024x684.jpg 1024w, https:\/\/linstablephoto.fr\/wp-content\/uploads\/2021\/12\/La-jungle-de-Calais-Tirage-9-2016-300x200.jpg 300w, https:\/\/linstablephoto.fr\/wp-content\/uploads\/2021\/12\/La-jungle-de-Calais-Tirage-9-2016-768x513.jpg 768w, https:\/\/linstablephoto.fr\/wp-content\/uploads\/2021\/12\/La-jungle-de-Calais-Tirage-9-2016-600x401.jpg 600w, https:\/\/linstablephoto.fr\/wp-content\/uploads\/2021\/12\/La-jungle-de-Calais-Tirage-9-2016.jpg 1050w\" sizes=\"auto, (max-width: 1024px) 100vw, 1024px\" \/>\t\t\t\t\t\t\t\t<\/a><br \/>\n\t\t\t<a href=\"https:\/\/linstablephoto.fr\/la-jungle-de-calais\/\" role=\"button\"><br \/>\n\t\t\t\t\t\tD\u00e9couvrir<br \/>\n\t\t\t\t\t<\/a><\/p>\n<h2><a href=\"https:\/\/linstablephoto.fr\/la-colere-du-peuple\/\">La col\u00e8re du peuple<\/a><\/h2>\n<p>\t\t\t\t\t\t\t\t\t\t\t\t\t\t\t\t<a href=\"https:\/\/linstablephoto.fr\/la-colere-du-peuple\/\"><br \/>\n\t\t\t\t\t\t\t<img loading=\"lazy\" decoding=\"async\" width=\"1024\" height=\"683\" src=\"https:\/\/linstablephoto.fr\/wp-content\/uploads\/2021\/12\/Justice-pour-Adama-Traore-Tirage-3-Paris-2020-1024x683.jpg\" alt=\"\" loading=\"lazy\" srcset=\"https:\/\/linstablephoto.fr\/wp-content\/uploads\/2021\/12\/Justice-pour-Adama-Traore-Tirage-3-Paris-2020-1024x683.jpg 1024w, https:\/\/linstablephoto.fr\/wp-content\/uploads\/2021\/12\/Justice-pour-Adama-Traore-Tirage-3-Paris-2020-300x200.jpg 300w, https:\/\/linstablephoto.fr\/wp-content\/uploads\/2021\/12\/Justice-pour-Adama-Traore-Tirage-3-Paris-2020-768x512.jpg 768w, https:\/\/linstablephoto.fr\/wp-content\/uploads\/2021\/12\/Justice-pour-Adama-Traore-Tirage-3-Paris-2020-600x400.jpg 600w, https:\/\/linstablephoto.fr\/wp-content\/uploads\/2021\/12\/Justice-pour-Adama-Traore-Tirage-3-Paris-2020.jpg 1050w\" sizes=\"auto, (max-width: 1024px) 100vw, 1024px\" \/>\t\t\t\t\t\t\t\t<\/a><br \/>\n\t\t\t<a href=\"https:\/\/linstablephoto.fr\/la-colere-du-peuple\/\" role=\"button\"><br \/>\n\t\t\t\t\t\tD\u00e9couvrir<br \/>\n\t\t\t\t\t<\/a><\/p>\n<h2><a href=\"https:\/\/linstablephoto.fr\/les-orphelins-de-latlas-kinder\/\">Les orphelins de l&#8217;Atlas<\/a><\/h2>\n<p>\t\t\t\t\t\t\t\t\t\t\t\t\t\t\t\t<a href=\"https:\/\/linstablephoto.fr\/les-orphelins-de-latlas-kinder\/\"><br \/>\n\t\t\t\t\t\t\t<img loading=\"lazy\" decoding=\"async\" width=\"1024\" height=\"683\" src=\"https:\/\/linstablephoto.fr\/wp-content\/uploads\/2021\/12\/Orphelinat-de-Dar-Bouidar-Maroc-2021-Tirage-2-1024x683.jpg\" alt=\"\" loading=\"lazy\" srcset=\"https:\/\/linstablephoto.fr\/wp-content\/uploads\/2021\/12\/Orphelinat-de-Dar-Bouidar-Maroc-2021-Tirage-2-1024x683.jpg 1024w, https:\/\/linstablephoto.fr\/wp-content\/uploads\/2021\/12\/Orphelinat-de-Dar-Bouidar-Maroc-2021-Tirage-2-300x200.jpg 300w, https:\/\/linstablephoto.fr\/wp-content\/uploads\/2021\/12\/Orphelinat-de-Dar-Bouidar-Maroc-2021-Tirage-2-768x512.jpg 768w, https:\/\/linstablephoto.fr\/wp-content\/uploads\/2021\/12\/Orphelinat-de-Dar-Bouidar-Maroc-2021-Tirage-2-600x400.jpg 600w, https:\/\/linstablephoto.fr\/wp-content\/uploads\/2021\/12\/Orphelinat-de-Dar-Bouidar-Maroc-2021-Tirage-2.jpg 1050w\" sizes=\"auto, (max-width: 1024px) 100vw, 1024px\" \/>\t\t\t\t\t\t\t\t<\/a><br \/>\n\t\t\t<a href=\"https:\/\/linstablephoto.fr\/les-orphelins-de-latlas-kinder\/\" role=\"button\"><br \/>\n\t\t\t\t\t\tD\u00e9couvrir<br \/>\n\t\t\t\t\t<\/a><\/p>\n","protected":false},"excerpt":{"rendered":"<p>Documentaires &#038; reportages Femmes de courage D\u00e9couvrir La vie des blocs D\u00e9couvrir R\u00e9fugi\u00e9s en Province D\u00e9couvrir La jungle de Calais D\u00e9couvrir La col\u00e8re du peuple D\u00e9couvrir Les orphelins de l&#8217;Atlas D\u00e9couvrir<\/p>\n","protected":false},"author":19954,"featured_media":0,"parent":0,"menu_order":0,"comment_status":"closed","ping_status":"closed","template":"elementor_header_footer","meta":{"site-sidebar-layout":"no-sidebar","site-content-layout":"page-builder","ast-site-content-layout":"full-width-container","site-content-style":"unboxed","site-sidebar-style":"unboxed","ast-global-header-display":"","ast-banner-title-visibility":"","ast-main-header-display":"","ast-hfb-above-header-display":"","ast-hfb-below-header-display":"","ast-hfb-mobile-header-display":"","site-post-title":"disabled","ast-breadcrumbs-content":"","ast-featured-img":"disabled","footer-sml-layout":"","ast-disable-related-posts":"","theme-transparent-header-meta":"","adv-header-id-meta":"","stick-header-meta":"","header-above-stick-meta":"","header-main-stick-meta":"","header-below-stick-meta":"","astra-migrate-meta-layouts":"set","ast-page-background-enabled":"default","ast-page-background-meta":{"desktop":{"background-color":"var(--ast-global-color-4)","background-image":"","background-repeat":"repeat","background-position":"center center","background-size":"auto","background-attachment":"scroll","background-type":"","background-media":"","overlay-type":"","overlay-color":"","overlay-opacity":"","overlay-gradient":""},"tablet":{"background-color":"","background-image":"","background-repeat":"repeat","background-position":"center center","background-size":"auto","background-attachment":"scroll","background-type":"","background-media":"","overlay-type":"","overlay-color":"","overlay-opacity":"","overlay-gradient":""},"mobile":{"background-color":"","background-image":"","background-repeat":"repeat","background-position":"center center","background-size":"auto","background-attachment":"scroll","background-type":"","background-media":"","overlay-type":"","overlay-color":"","overlay-opacity":"","overlay-gradient":""}},"ast-content-background-meta":{"desktop":{"background-color":"var(--ast-global-color-5)","background-image":"","background-repeat":"repeat","background-position":"center center","background-size":"auto","background-attachment":"scroll","background-type":"","background-media":"","overlay-type":"","overlay-color":"","overlay-opacity":"","overlay-gradient":""},"tablet":{"background-color":"var(--ast-global-color-5)","background-image":"","background-repeat":"repeat","background-position":"center center","background-size":"auto","background-attachment":"scroll","background-type":"","background-media":"","overlay-type":"","overlay-color":"","overlay-opacity":"","overlay-gradient":""},"mobile":{"background-color":"var(--ast-global-color-5)","background-image":"","background-repeat":"repeat","background-position":"center center","background-size":"auto","background-attachment":"scroll","background-type":"","background-media":"","overlay-type":"","overlay-color":"","overlay-opacity":"","overlay-gradient":""}},"footnotes":""},"class_list":["post-32913","page","type-page","status-publish","hentry"],"_links":{"self":[{"href":"https:\/\/jm-landon.com\/en\/wp-json\/wp\/v2\/pages\/32913","targetHints":{"allow":["GET"]}}],"collection":[{"href":"https:\/\/jm-landon.com\/en\/wp-json\/wp\/v2\/pages"}],"about":[{"href":"https:\/\/jm-landon.com\/en\/wp-json\/wp\/v2\/types\/page"}],"author":[{"embeddable":true,"href":"https:\/\/jm-landon.com\/en\/wp-json\/wp\/v2\/users\/19954"}],"replies":[{"embeddable":true,"href":"https:\/\/jm-landon.com\/en\/wp-json\/wp\/v2\/comments?post=32913"}],"version-history":[{"count":2,"href":"https:\/\/jm-landon.com\/en\/wp-json\/wp\/v2\/pages\/32913\/revisions"}],"predecessor-version":[{"id":37284,"href":"https:\/\/jm-landon.com\/en\/wp-json\/wp\/v2\/pages\/32913\/revisions\/37284"}],"wp:attachment":[{"href":"https:\/\/jm-landon.com\/en\/wp-json\/wp\/v2\/media?parent=32913"}],"curies":[{"name":"wp","href":"https:\/\/api.w.org\/{rel}","templated":true}]}}