{"id":33331,"date":"2024-09-10T11:59:48","date_gmt":"2024-09-10T09:59:48","guid":{"rendered":"https:\/\/jm-landon.com\/produit\/coeurs-geles-oeuvre-numerotee-et-limitee-a-20-exemplaires-2\/"},"modified":"2024-09-10T11:59:48","modified_gmt":"2024-09-10T09:59:48","slug":"coeurs-geles-oeuvre-numerotee-et-limitee-a-20-exemplaires-2","status":"publish","type":"product","link":"https:\/\/jm-landon.com\/en\/produit\/coeurs-geles-oeuvre-numerotee-et-limitee-a-20-exemplaires-2\/","title":{"rendered":"C\u0153urs gel\u00e9s- \u0152uvre num\u00e9rot\u00e9e et limit\u00e9e \u00e0 20 exemplaires"},"content":{"rendered":"<p>Tirage r\u00e9alis\u00e9 sur du papier jet d&#8217;encre Fine Art. (Baryta Hahnem\u00fchle pour les \u00e9ditions limit\u00e9es).<\/p>\n<p><strong>L\u2019\u0153uvre est num\u00e9rot\u00e9e, dat\u00e9e, et sign\u00e9e par mes soins<\/strong>. Elle est livr\u00e9e avec un <strong>certificat d&#8217;authenticit\u00e9<\/strong>.<\/p>\n<p>Je vous propose deux possibilit\u00e9s :<\/p>\n<ul>\n<li>Tirage d&#8217;Art sur papier jet d&#8217;encre Fine Art sans support.<\/li>\n<li>Tirage d&#8217;Art sur papier jet d&#8217;encre Fine Art contrecoll\u00e9 sur un support Dibond 2mm avec barre d&#8217;accroche (haut et bas). Au del\u00e0 du format 60 x 90 cm, la photo est contrecoll\u00e9e sur un support 3 mm Dibond avec un ch\u00e2ssis dorsal en aluminium. Avec ce support, vous n&#8217;avez pas besoin d&#8217;acheter un cadre. La photo est pr\u00eate \u00e0 \u00eatre accroch\u00e9e telle quelle.<\/li>\n<\/ul>\n<p>D&#8217;autres techniques d&#8217;impression (toile, caisse am\u00e9ricaine\u2026) sont r\u00e9alisables.<br \/>\nMerci de m&#8217;adresser votre demande par mail : landon.jm94@gmail.com<\/p>\n","protected":false},"excerpt":{"rendered":"<p>Tirage r\u00e9alis\u00e9 sur du papier jet d&#8217;encre Fine Art. (Baryta Hahnem\u00fchle pour les \u00e9ditions limit\u00e9es).<\/p>\n<p><strong>L\u2019\u0153uvre est num\u00e9rot\u00e9e, dat\u00e9e, et sign\u00e9e par mes soins<\/strong>. Elle est livr\u00e9e avec un <strong>certificat d&#8217;authenticit\u00e9<\/strong>.<\/p>\n<p>Je vous propose deux possibilit\u00e9s :<\/p>\n<ul>\n<li>Tirage d&#8217;Art sur papier jet d&#8217;encre Fine Art sans support.<\/li>\n<li>Tirage d&#8217;Art contrecoll\u00e9 sur un support Dibond 2mm avec barre d&#8217;accroche (haut et bas). Au del\u00e0 du format 60 x 90cm, la photo est contrecoll\u00e9e sur un support 3 mm Dibond avec un ch\u00e2ssis dorsal en aluminium. Avec ce support, vous n&#8217;avez pas besoin d&#8217;acheter un cadre. La photo est pr\u00eate \u00e0 \u00eatre accroch\u00e9e telle quelle.<\/li>\n<\/ul>\n<p>D&#8217;autres techniques d&#8217;impression (toile, caisse am\u00e9ricaine\u2026) sont r\u00e9alisables.<br \/>\nMerci de m&#8217;adresser votre demande par mail : landon.jm94@gmail.com<\/p>\n","protected":false},"featured_media":32028,"comment_status":"closed","ping_status":"closed","template":"","meta":{"site-sidebar-layout":"default","site-content-layout":"default","ast-site-content-layout":"default","site-content-style":"default","site-sidebar-style":"default","ast-global-header-display":"","ast-banner-title-visibility":"","ast-main-header-display":"","ast-hfb-above-header-display":"","ast-hfb-below-header-display":"","ast-hfb-mobile-header-display":"","site-post-title":"","ast-breadcrumbs-content":"","ast-featured-img":"","footer-sml-layout":"","ast-disable-related-posts":"","theme-transparent-header-meta":"default","adv-header-id-meta":"","stick-header-meta":"","header-above-stick-meta":"","header-main-stick-meta":"","header-below-stick-meta":"","astra-migrate-meta-layouts":"default","ast-page-background-enabled":"default","ast-page-background-meta":{"desktop":{"background-color":"var(--ast-global-color-4)","background-image":"","background-repeat":"repeat","background-position":"center center","background-size":"auto","background-attachment":"scroll","background-type":"","background-media":"","overlay-type":"","overlay-color":"","overlay-opacity":"","overlay-gradient":""},"tablet":{"background-color":"","background-image":"","background-repeat":"repeat","background-position":"center center","background-size":"auto","background-attachment":"scroll","background-type":"","background-media":"","overlay-type":"","overlay-color":"","overlay-opacity":"","overlay-gradient":""},"mobile":{"background-color":"","background-image":"","background-repeat":"repeat","background-position":"center center","background-size":"auto","background-attachment":"scroll","background-type":"","background-media":"","overlay-type":"","overlay-color":"","overlay-opacity":"","overlay-gradient":""}},"ast-content-background-meta":{"desktop":{"background-color":"var(--ast-global-color-5)","background-image":"","background-repeat":"repeat","background-position":"center center","background-size":"auto","background-attachment":"scroll","background-type":"","background-media":"","overlay-type":"","overlay-color":"","overlay-opacity":"","overlay-gradient":""},"tablet":{"background-color":"var(--ast-global-color-5)","background-image":"","background-repeat":"repeat","background-position":"center center","background-size":"auto","background-attachment":"scroll","background-type":"","background-media":"","overlay-type":"","overlay-color":"","overlay-opacity":"","overlay-gradient":""},"mobile":{"background-color":"var(--ast-global-color-5)","background-image":"","background-repeat":"repeat","background-position":"center center","background-size":"auto","background-attachment":"scroll","background-type":"","background-media":"","overlay-type":"","overlay-color":"","overlay-opacity":"","overlay-gradient":""}}},"product_brand":[],"product_cat":[131],"product_tag":[],"class_list":{"0":"post-33331","1":"product","2":"type-product","3":"status-publish","4":"has-post-thumbnail","6":"product_cat-tirages-limites-la-vie-des-blocs-paysage-en","7":"pa_format-13x19cm-en","8":"pa_format-20x30cm-en","9":"pa_format-30x45-en","10":"pa_format-40x60-en","11":"pa_format-50x75cm-en","12":"desktop-align-left","13":"tablet-align-left","14":"mobile-align-left","16":"first","17":"instock","18":"taxable","19":"shipping-taxable","20":"purchasable","21":"product-type-variable"},"_links":{"self":[{"href":"https:\/\/jm-landon.com\/en\/wp-json\/wp\/v2\/product\/33331","targetHints":{"allow":["GET"]}}],"collection":[{"href":"https:\/\/jm-landon.com\/en\/wp-json\/wp\/v2\/product"}],"about":[{"href":"https:\/\/jm-landon.com\/en\/wp-json\/wp\/v2\/types\/product"}],"replies":[{"embeddable":true,"href":"https:\/\/jm-landon.com\/en\/wp-json\/wp\/v2\/comments?post=33331"}],"version-history":[{"count":0,"href":"https:\/\/jm-landon.com\/en\/wp-json\/wp\/v2\/product\/33331\/revisions"}],"wp:featuredmedia":[{"embeddable":true,"href":"https:\/\/jm-landon.com\/en\/wp-json\/wp\/v2\/media\/32028"}],"wp:attachment":[{"href":"https:\/\/jm-landon.com\/en\/wp-json\/wp\/v2\/media?parent=33331"}],"wp:term":[{"taxonomy":"product_brand","embeddable":true,"href":"https:\/\/jm-landon.com\/en\/wp-json\/wp\/v2\/product_brand?post=33331"},{"taxonomy":"product_cat","embeddable":true,"href":"https:\/\/jm-landon.com\/en\/wp-json\/wp\/v2\/product_cat?post=33331"},{"taxonomy":"product_tag","embeddable":true,"href":"https:\/\/jm-landon.com\/en\/wp-json\/wp\/v2\/product_tag?post=33331"}],"curies":[{"name":"wp","href":"https:\/\/api.w.org\/{rel}","templated":true}]}}