{"id":34429,"date":"2022-09-29T20:37:35","date_gmt":"2022-09-29T18:37:35","guid":{"rendered":"https:\/\/jm-landon.com\/produit\/le-village-dar-bouidar-photo-1-tirage-limite-a-10-exemplaires\/"},"modified":"2025-11-17T13:06:06","modified_gmt":"2025-11-17T12:06:06","slug":"le-village-dar-bouidar-photo-1-tirage-limite-a-10-exemplaires","status":"publish","type":"product","link":"https:\/\/jm-landon.com\/en\/produit\/le-village-dar-bouidar-photo-1-tirage-limite-a-10-exemplaires\/","title":{"rendered":"Dar Bouidar, le village des orphelins (Maroc) &#8211; Photo num\u00e9ro 5- Tirage limit\u00e9 \u00e0 10 exemplaires"},"content":{"rendered":"","protected":false},"excerpt":{"rendered":"<p>Tirage r\u00e9alis\u00e9 sur du papier jet d&#8217;encre Fine Art. (Baryta Hahnem\u00fchle pour les \u00e9ditions limit\u00e9es).<\/p>\n<p><strong>L\u2019\u0153uvre est num\u00e9rot\u00e9e, dat\u00e9e, et sign\u00e9e par mes soins<\/strong>. Elle est livr\u00e9e avec un <strong>certificat d&#8217;authenticit\u00e9<\/strong>. Je reverse 10% du prix de la photo \u00e0 l&#8217;association Atlas Kinder, qui s&#8217;occupe de ces enfants au Maroc<\/p>\n<p>Je vous propose trois possibilit\u00e9s :<\/p>\n<ul>\n<li>Tirage d&#8217;Art sur papier jet d&#8217;encre Fine Art sans support.<\/li>\n<li>Tirage d&#8217;Art contrecoll\u00e9 sur un support dibond 2mm. Au del\u00e0 du format 60 x 90cm, la photo est contrecoll\u00e9e sur un support 3 mm avec un ch\u00e2ssis dorsal en aluminium. (Le Dibond est une plaque laqu\u00e9e fabriqu\u00e9e \u00e0 partir de poly\u00e9thyl\u00e8ne et d\u2019aluminium).\u00a0\u00a0Avec ce support, vous n&#8217;avez pas besoin d&#8217;acheter un cadre. La photo est pr\u00eate \u00e0 \u00eatre accroch\u00e9e telle quelle.<\/li>\n<li>Tirage d&#8217;Art encadr\u00e9 sur mesure (mati\u00e8re en bois noir ANXIOME 244 ) et contrecoll\u00e9 sur un support PVC 2mm pour am\u00e9liorer la plan\u00e9it\u00e9 du tirage. Passe partout blanc textur\u00e9.<\/li>\n<\/ul>\n<p>D&#8217;autres techniques d&#8217;impression (toile, caisse am\u00e9ricaine\u2026) sont r\u00e9alisables.<br \/>\nMerci de m&#8217;adresser votre demande par mail : linstablephotographie@gmail.com<\/p>\n","protected":false},"featured_media":31935,"comment_status":"closed","ping_status":"closed","template":"","meta":{"site-sidebar-layout":"default","site-content-layout":"default","ast-site-content-layout":"default","site-content-style":"default","site-sidebar-style":"default","ast-global-header-display":"","ast-banner-title-visibility":"","ast-main-header-display":"","ast-hfb-above-header-display":"","ast-hfb-below-header-display":"","ast-hfb-mobile-header-display":"","site-post-title":"","ast-breadcrumbs-content":"","ast-featured-img":"","footer-sml-layout":"","ast-disable-related-posts":"","theme-transparent-header-meta":"default","adv-header-id-meta":"","stick-header-meta":"","header-above-stick-meta":"","header-main-stick-meta":"","header-below-stick-meta":"","astra-migrate-meta-layouts":"set","ast-page-background-enabled":"default","ast-page-background-meta":{"desktop":{"background-color":"var(--ast-global-color-4)","background-image":"","background-repeat":"repeat","background-position":"center center","background-size":"auto","background-attachment":"scroll","background-type":"","background-media":"","overlay-type":"","overlay-color":"","overlay-opacity":"","overlay-gradient":""},"tablet":{"background-color":"","background-image":"","background-repeat":"repeat","background-position":"center center","background-size":"auto","background-attachment":"scroll","background-type":"","background-media":"","overlay-type":"","overlay-color":"","overlay-opacity":"","overlay-gradient":""},"mobile":{"background-color":"","background-image":"","background-repeat":"repeat","background-position":"center center","background-size":"auto","background-attachment":"scroll","background-type":"","background-media":"","overlay-type":"","overlay-color":"","overlay-opacity":"","overlay-gradient":""}},"ast-content-background-meta":{"desktop":{"background-color":"var(--ast-global-color-5)","background-image":"","background-repeat":"repeat","background-position":"center center","background-size":"auto","background-attachment":"scroll","background-type":"","background-media":"","overlay-type":"","overlay-color":"","overlay-opacity":"","overlay-gradient":""},"tablet":{"background-color":"var(--ast-global-color-5)","background-image":"","background-repeat":"repeat","background-position":"center center","background-size":"auto","background-attachment":"scroll","background-type":"","background-media":"","overlay-type":"","overlay-color":"","overlay-opacity":"","overlay-gradient":""},"mobile":{"background-color":"var(--ast-global-color-5)","background-image":"","background-repeat":"repeat","background-position":"center center","background-size":"auto","background-attachment":"scroll","background-type":"","background-media":"","overlay-type":"","overlay-color":"","overlay-opacity":"","overlay-gradient":""}}},"product_brand":[],"product_cat":[130],"product_tag":[],"class_list":{"0":"post-34429","1":"product","2":"type-product","3":"status-publish","4":"has-post-thumbnail","6":"product_cat-non-classifiee","7":"pa_format-20x30cm-en","8":"pa_format-30x45-en","9":"pa_format-40x60-en","10":"pa_format-50x75cm-en","11":"pa_format-60x90cm-en","12":"pa_format-70-x-105-cm-en","13":"pa_format-80-x-120-cm-en","14":"desktop-align-left","15":"tablet-align-left","16":"mobile-align-left","18":"first","19":"instock","20":"taxable","21":"shipping-taxable","22":"purchasable","23":"product-type-variable"},"_links":{"self":[{"href":"https:\/\/jm-landon.com\/en\/wp-json\/wp\/v2\/product\/34429","targetHints":{"allow":["GET"]}}],"collection":[{"href":"https:\/\/jm-landon.com\/en\/wp-json\/wp\/v2\/product"}],"about":[{"href":"https:\/\/jm-landon.com\/en\/wp-json\/wp\/v2\/types\/product"}],"replies":[{"embeddable":true,"href":"https:\/\/jm-landon.com\/en\/wp-json\/wp\/v2\/comments?post=34429"}],"version-history":[{"count":1,"href":"https:\/\/jm-landon.com\/en\/wp-json\/wp\/v2\/product\/34429\/revisions"}],"predecessor-version":[{"id":36885,"href":"https:\/\/jm-landon.com\/en\/wp-json\/wp\/v2\/product\/34429\/revisions\/36885"}],"wp:featuredmedia":[{"embeddable":true,"href":"https:\/\/jm-landon.com\/en\/wp-json\/wp\/v2\/media\/31935"}],"wp:attachment":[{"href":"https:\/\/jm-landon.com\/en\/wp-json\/wp\/v2\/media?parent=34429"}],"wp:term":[{"taxonomy":"product_brand","embeddable":true,"href":"https:\/\/jm-landon.com\/en\/wp-json\/wp\/v2\/product_brand?post=34429"},{"taxonomy":"product_cat","embeddable":true,"href":"https:\/\/jm-landon.com\/en\/wp-json\/wp\/v2\/product_cat?post=34429"},{"taxonomy":"product_tag","embeddable":true,"href":"https:\/\/jm-landon.com\/en\/wp-json\/wp\/v2\/product_tag?post=34429"}],"curies":[{"name":"wp","href":"https:\/\/api.w.org\/{rel}","templated":true}]}}