{"id":34538,"date":"2022-09-25T19:42:32","date_gmt":"2022-09-25T17:42:32","guid":{"rendered":"https:\/\/jm-landon.com\/produit\/touareg-du-bitume\/"},"modified":"2022-09-25T19:42:32","modified_gmt":"2022-09-25T17:42:32","slug":"touareg-du-bitume","status":"publish","type":"product","link":"https:\/\/jm-landon.com\/en\/produit\/touareg-du-bitume\/","title":{"rendered":"Touareg du bitume"},"content":{"rendered":"","protected":false},"excerpt":{"rendered":"<p><u>Je vous propose trois possibilit\u00e9s<\/u><\/p>\n<ul>\n<li>Tirage r\u00e9alis\u00e9 sur papier jet d&#8217;encre sans support.<\/li>\n<li>Tirage encadr\u00e9, couleur bois noir avec passe partout blanc (uniquement pour les tirages 13 cm x 19 cm et 20 cm x 30cm ) r\u00e9alis\u00e9 sur papier jet d&#8217;encre<\/li>\n<li>Tirage contrecoll\u00e9 sur un support dibond 2mm. Au del\u00e0 du format 60 x 90cm, le tirage\u00a0 est contrecoll\u00e9 sur un support dibond 3 mm avec un ch\u00e2ssis dorsal en aluminium. (Le Dibond est une plaque laqu\u00e9e fabriqu\u00e9e \u00e0 partir de poly\u00e9thyl\u00e8ne et d\u2019aluminium).\u00a0\u00a0Avec ce support, vous n&#8217;avez pas besoin d&#8217;acheter un cadre. La photo est pr\u00eate \u00e0 \u00eatre accroch\u00e9e telle quelle.<\/li>\n<\/ul>\n<p>D&#8217;autres techniques d&#8217;impressions ( toile\u2026) sont r\u00e9alisables.<br \/>\nMerci de m&#8217;adresser votre demande par mail : linstablephotographie@gmail.com<\/p>\n","protected":false},"featured_media":31688,"comment_status":"closed","ping_status":"closed","template":"","meta":{"site-sidebar-layout":"default","site-content-layout":"default","ast-site-content-layout":"default","site-content-style":"default","site-sidebar-style":"default","ast-global-header-display":"","ast-banner-title-visibility":"","ast-main-header-display":"","ast-hfb-above-header-display":"","ast-hfb-below-header-display":"","ast-hfb-mobile-header-display":"","site-post-title":"","ast-breadcrumbs-content":"","ast-featured-img":"","footer-sml-layout":"","ast-disable-related-posts":"","theme-transparent-header-meta":"default","adv-header-id-meta":"","stick-header-meta":"","header-above-stick-meta":"","header-main-stick-meta":"","header-below-stick-meta":"","astra-migrate-meta-layouts":"default","ast-page-background-enabled":"default","ast-page-background-meta":{"desktop":{"background-color":"var(--ast-global-color-4)","background-image":"","background-repeat":"repeat","background-position":"center center","background-size":"auto","background-attachment":"scroll","background-type":"","background-media":"","overlay-type":"","overlay-color":"","overlay-opacity":"","overlay-gradient":""},"tablet":{"background-color":"","background-image":"","background-repeat":"repeat","background-position":"center center","background-size":"auto","background-attachment":"scroll","background-type":"","background-media":"","overlay-type":"","overlay-color":"","overlay-opacity":"","overlay-gradient":""},"mobile":{"background-color":"","background-image":"","background-repeat":"repeat","background-position":"center center","background-size":"auto","background-attachment":"scroll","background-type":"","background-media":"","overlay-type":"","overlay-color":"","overlay-opacity":"","overlay-gradient":""}},"ast-content-background-meta":{"desktop":{"background-color":"var(--ast-global-color-5)","background-image":"","background-repeat":"repeat","background-position":"center center","background-size":"auto","background-attachment":"scroll","background-type":"","background-media":"","overlay-type":"","overlay-color":"","overlay-opacity":"","overlay-gradient":""},"tablet":{"background-color":"var(--ast-global-color-5)","background-image":"","background-repeat":"repeat","background-position":"center center","background-size":"auto","background-attachment":"scroll","background-type":"","background-media":"","overlay-type":"","overlay-color":"","overlay-opacity":"","overlay-gradient":""},"mobile":{"background-color":"var(--ast-global-color-5)","background-image":"","background-repeat":"repeat","background-position":"center center","background-size":"auto","background-attachment":"scroll","background-type":"","background-media":"","overlay-type":"","overlay-color":"","overlay-opacity":"","overlay-gradient":""}}},"product_brand":[],"product_cat":[162],"product_tag":[],"class_list":{"0":"post-34538","1":"product","2":"type-product","3":"status-publish","4":"has-post-thumbnail","6":"product_cat-tirages-illimites-la-vie-des-blocs-paysage-en","7":"pa_format-13x19cm-en","8":"pa_format-20x30cm-en","9":"pa_format-30x45-en","10":"pa_format-40x60-en","11":"pa_format-50x75cm-en","12":"pa_format-60x90cm-en","13":"pa_format-80-x-120-cm-en","14":"desktop-align-left","15":"tablet-align-left","16":"mobile-align-left","18":"first","19":"instock","20":"taxable","21":"shipping-taxable","22":"purchasable","23":"product-type-variable"},"_links":{"self":[{"href":"https:\/\/jm-landon.com\/en\/wp-json\/wp\/v2\/product\/34538","targetHints":{"allow":["GET"]}}],"collection":[{"href":"https:\/\/jm-landon.com\/en\/wp-json\/wp\/v2\/product"}],"about":[{"href":"https:\/\/jm-landon.com\/en\/wp-json\/wp\/v2\/types\/product"}],"replies":[{"embeddable":true,"href":"https:\/\/jm-landon.com\/en\/wp-json\/wp\/v2\/comments?post=34538"}],"version-history":[{"count":0,"href":"https:\/\/jm-landon.com\/en\/wp-json\/wp\/v2\/product\/34538\/revisions"}],"wp:featuredmedia":[{"embeddable":true,"href":"https:\/\/jm-landon.com\/en\/wp-json\/wp\/v2\/media\/31688"}],"wp:attachment":[{"href":"https:\/\/jm-landon.com\/en\/wp-json\/wp\/v2\/media?parent=34538"}],"wp:term":[{"taxonomy":"product_brand","embeddable":true,"href":"https:\/\/jm-landon.com\/en\/wp-json\/wp\/v2\/product_brand?post=34538"},{"taxonomy":"product_cat","embeddable":true,"href":"https:\/\/jm-landon.com\/en\/wp-json\/wp\/v2\/product_cat?post=34538"},{"taxonomy":"product_tag","embeddable":true,"href":"https:\/\/jm-landon.com\/en\/wp-json\/wp\/v2\/product_tag?post=34538"}],"curies":[{"name":"wp","href":"https:\/\/api.w.org\/{rel}","templated":true}]}}