{"id":34741,"date":"2018-05-04T10:30:14","date_gmt":"2018-05-04T08:30:14","guid":{"rendered":"https:\/\/jm-landon.com\/produit\/une-aventure-inattendue\/"},"modified":"2018-05-04T10:30:14","modified_gmt":"2018-05-04T08:30:14","slug":"une-aventure-inattendue","status":"publish","type":"product","link":"https:\/\/jm-landon.com\/en\/produit\/une-aventure-inattendue\/","title":{"rendered":"Une aventure inattendue"},"content":{"rendered":"","protected":false},"excerpt":{"rendered":"<p>&nbsp;<\/p>\n<ul style=\"list-style-type: disc\">\n<li style=\"color: #fff;text-align: justify\"><span style=\"color: #000000\">Livre de 74 pages dont plus de 50 photos, format 23&#215;28 cm.<\/span><\/li>\n<li style=\"color: #fff;text-align: justify\"><span style=\"color: #000000\">Date de parution : 30 Mai 2018.<\/span><\/li>\n<li style=\"color: #fff;text-align: justify\"><span style=\"color: #000000\">Envoi par poste d\u00e9lai de 72 heures pour 5\u20ac.<\/span><\/li>\n<\/ul>\n<p><span style=\"color: #000000\">\u00a0<\/span><br \/>\n<span style=\"color: #000000\">&#8220;Une Aventure inattendue&#8221;, allie un travail de m\u00e9moire photographique r\u00e9alis\u00e9 sans mise en sc\u00e8ne\u00a0au c\u0153ur de deux quartiers populaires de la ville de Cr\u00e9teil\u00a0mais aussi une histoire. Celle de Claude Martin, un homme qui se retrouve plong\u00e9 dans l\u2019univers de la banlieue et auquel il est totalement \u00e9tranger.<\/span><\/p>\n<p style=\"color: #fff\"><span style=\"color: #000000\">Mon engagement quotidien en faveur des sans-abri continue avec cet ouvrage. 5% du prix de chaque livre vendu leur sera revers\u00e9 (sous forme de dons alimentaires et\/ou de v\u00eatements) par le biais de l\u2019association \u00ab\u00a0Un p\u2019tit peu beaucoup\u00a0\u00bb, dont je suis membre actif.<\/span><\/p>\n","protected":false},"featured_media":31552,"comment_status":"closed","ping_status":"closed","template":"","meta":{"site-sidebar-layout":"default","site-content-layout":"","ast-site-content-layout":"default","site-content-style":"default","site-sidebar-style":"default","ast-global-header-display":"","ast-banner-title-visibility":"","ast-main-header-display":"","ast-hfb-above-header-display":"","ast-hfb-below-header-display":"","ast-hfb-mobile-header-display":"","site-post-title":"","ast-breadcrumbs-content":"","ast-featured-img":"","footer-sml-layout":"","ast-disable-related-posts":"","theme-transparent-header-meta":"","adv-header-id-meta":"","stick-header-meta":"","header-above-stick-meta":"","header-main-stick-meta":"","header-below-stick-meta":"","astra-migrate-meta-layouts":"default","ast-page-background-enabled":"default","ast-page-background-meta":{"desktop":{"background-color":"var(--ast-global-color-4)","background-image":"","background-repeat":"repeat","background-position":"center center","background-size":"auto","background-attachment":"scroll","background-type":"","background-media":"","overlay-type":"","overlay-color":"","overlay-opacity":"","overlay-gradient":""},"tablet":{"background-color":"","background-image":"","background-repeat":"repeat","background-position":"center center","background-size":"auto","background-attachment":"scroll","background-type":"","background-media":"","overlay-type":"","overlay-color":"","overlay-opacity":"","overlay-gradient":""},"mobile":{"background-color":"","background-image":"","background-repeat":"repeat","background-position":"center center","background-size":"auto","background-attachment":"scroll","background-type":"","background-media":"","overlay-type":"","overlay-color":"","overlay-opacity":"","overlay-gradient":""}},"ast-content-background-meta":{"desktop":{"background-color":"var(--ast-global-color-5)","background-image":"","background-repeat":"repeat","background-position":"center center","background-size":"auto","background-attachment":"scroll","background-type":"","background-media":"","overlay-type":"","overlay-color":"","overlay-opacity":"","overlay-gradient":""},"tablet":{"background-color":"var(--ast-global-color-5)","background-image":"","background-repeat":"repeat","background-position":"center center","background-size":"auto","background-attachment":"scroll","background-type":"","background-media":"","overlay-type":"","overlay-color":"","overlay-opacity":"","overlay-gradient":""},"mobile":{"background-color":"var(--ast-global-color-5)","background-image":"","background-repeat":"repeat","background-position":"center center","background-size":"auto","background-attachment":"scroll","background-type":"","background-media":"","overlay-type":"","overlay-color":"","overlay-opacity":"","overlay-gradient":""}}},"product_brand":[],"product_cat":[],"product_tag":[],"class_list":{"0":"post-34741","1":"product","2":"type-product","3":"status-publish","4":"has-post-thumbnail","6":"desktop-align-left","7":"tablet-align-left","8":"mobile-align-left","10":"first","11":"outofstock","12":"taxable","13":"shipping-taxable","14":"purchasable","15":"product-type-simple"},"_links":{"self":[{"href":"https:\/\/jm-landon.com\/en\/wp-json\/wp\/v2\/product\/34741","targetHints":{"allow":["GET"]}}],"collection":[{"href":"https:\/\/jm-landon.com\/en\/wp-json\/wp\/v2\/product"}],"about":[{"href":"https:\/\/jm-landon.com\/en\/wp-json\/wp\/v2\/types\/product"}],"replies":[{"embeddable":true,"href":"https:\/\/jm-landon.com\/en\/wp-json\/wp\/v2\/comments?post=34741"}],"version-history":[{"count":0,"href":"https:\/\/jm-landon.com\/en\/wp-json\/wp\/v2\/product\/34741\/revisions"}],"wp:featuredmedia":[{"embeddable":true,"href":"https:\/\/jm-landon.com\/en\/wp-json\/wp\/v2\/media\/31552"}],"wp:attachment":[{"href":"https:\/\/jm-landon.com\/en\/wp-json\/wp\/v2\/media?parent=34741"}],"wp:term":[{"taxonomy":"product_brand","embeddable":true,"href":"https:\/\/jm-landon.com\/en\/wp-json\/wp\/v2\/product_brand?post=34741"},{"taxonomy":"product_cat","embeddable":true,"href":"https:\/\/jm-landon.com\/en\/wp-json\/wp\/v2\/product_cat?post=34741"},{"taxonomy":"product_tag","embeddable":true,"href":"https:\/\/jm-landon.com\/en\/wp-json\/wp\/v2\/product_tag?post=34741"}],"curies":[{"name":"wp","href":"https:\/\/api.w.org\/{rel}","templated":true}]}}