{"id":34837,"date":"2024-09-18T13:36:54","date_gmt":"2024-09-18T11:36:54","guid":{"rendered":"https:\/\/jm-landon.com\/?post_type=product&#038;p=34837"},"modified":"2024-09-18T13:39:49","modified_gmt":"2024-09-18T11:39:49","slug":"parfum-dautomne-tirage-signe-et-numerote-a-30-exemplaires-2","status":"publish","type":"product","link":"https:\/\/jm-landon.com\/en\/produit\/parfum-dautomne-tirage-signe-et-numerote-a-30-exemplaires-2\/","title":{"rendered":"Parfum d&#8217;automne- Tirage sign\u00e9 et num\u00e9rot\u00e9 \u00e0 30 exemplaires"},"content":{"rendered":"","protected":false},"excerpt":{"rendered":"<p>Tirage r\u00e9alis\u00e9 sur du papier jet d\u2019encre <strong>Fine Art<\/strong>. (Baryta Hahnem\u00fchle pour les \u00e9ditions limit\u00e9es).<\/p>\n<p>L\u2019\u0153uvre est num\u00e9rot\u00e9e, dat\u00e9e, et sign\u00e9e par mes soins. Elle est livr\u00e9e avec un\u00a0<strong>certificat d\u2019authenticit\u00e9<\/strong>.<\/p>\n<p>Je vous propose trois possibilit\u00e9s :<\/p>\n<ul>\n<li>\u0152uvre d\u2019art\u00a0 sur papier jet d\u2019encre Fine Art sans support.<\/li>\n<li>\u0152uvre\u00a0d\u2019Art contrecoll\u00e9e sur un support dibond 2mm. Au del\u00e0 du format 60 x 90cm,\u00a0l\u2019\u0153uvre est contrecoll\u00e9e sur un support 3 mm avec un <strong>ch\u00e2ssis dorsal<\/strong> en aluminium. (Le Dibond est une plaque laqu\u00e9e fabriqu\u00e9e \u00e0 partir de poly\u00e9thyl\u00e8ne et d\u2019aluminium).\u00a0\u00a0Avec ce support, vous n\u2019avez pas besoin d\u2019acheter un cadre. <strong>La photo est pr\u00eate \u00e0 \u00eatre accroch\u00e9e telle quelle<\/strong>.<\/li>\n<li>\u0152uvre d\u2019Art encadr\u00e9e sur mesure (mati\u00e8re en bois noir mat) et contrecoll\u00e9e sur un support PVC 2mm pour <strong>am\u00e9liorer la plan\u00e9it\u00e9 du tirage<\/strong>. Passe partout blanc textur\u00e9.<\/li>\n<\/ul>\n<p>D\u2019autres techniques d\u2019impression (toile, caisse am\u00e9ricaine\u2026) sont r\u00e9alisables.<\/p>\n<p>Merci de m\u2019adresser votre demande par mail : linstablephotographie@gmail.com<\/p>\n","protected":false},"featured_media":31714,"comment_status":"closed","ping_status":"closed","template":"","meta":{"site-sidebar-layout":"default","site-content-layout":"default","ast-site-content-layout":"default","site-content-style":"default","site-sidebar-style":"default","ast-global-header-display":"","ast-banner-title-visibility":"","ast-main-header-display":"","ast-hfb-above-header-display":"","ast-hfb-below-header-display":"","ast-hfb-mobile-header-display":"","site-post-title":"","ast-breadcrumbs-content":"","ast-featured-img":"","footer-sml-layout":"","ast-disable-related-posts":"","theme-transparent-header-meta":"default","adv-header-id-meta":"","stick-header-meta":"","header-above-stick-meta":"","header-main-stick-meta":"","header-below-stick-meta":"","astra-migrate-meta-layouts":"default","ast-page-background-enabled":"default","ast-page-background-meta":{"desktop":{"background-color":"var(--ast-global-color-4)","background-image":"","background-repeat":"repeat","background-position":"center center","background-size":"auto","background-attachment":"scroll","background-type":"","background-media":"","overlay-type":"","overlay-color":"","overlay-opacity":"","overlay-gradient":""},"tablet":{"background-color":"","background-image":"","background-repeat":"repeat","background-position":"center center","background-size":"auto","background-attachment":"scroll","background-type":"","background-media":"","overlay-type":"","overlay-color":"","overlay-opacity":"","overlay-gradient":""},"mobile":{"background-color":"","background-image":"","background-repeat":"repeat","background-position":"center center","background-size":"auto","background-attachment":"scroll","background-type":"","background-media":"","overlay-type":"","overlay-color":"","overlay-opacity":"","overlay-gradient":""}},"ast-content-background-meta":{"desktop":{"background-color":"var(--ast-global-color-5)","background-image":"","background-repeat":"repeat","background-position":"center center","background-size":"auto","background-attachment":"scroll","background-type":"","background-media":"","overlay-type":"","overlay-color":"","overlay-opacity":"","overlay-gradient":""},"tablet":{"background-color":"var(--ast-global-color-5)","background-image":"","background-repeat":"repeat","background-position":"center center","background-size":"auto","background-attachment":"scroll","background-type":"","background-media":"","overlay-type":"","overlay-color":"","overlay-opacity":"","overlay-gradient":""},"mobile":{"background-color":"var(--ast-global-color-5)","background-image":"","background-repeat":"repeat","background-position":"center center","background-size":"auto","background-attachment":"scroll","background-type":"","background-media":"","overlay-type":"","overlay-color":"","overlay-opacity":"","overlay-gradient":""}}},"product_brand":[],"product_cat":[167,140],"product_tag":[],"class_list":{"0":"post-34837","1":"product","2":"type-product","3":"status-publish","4":"has-post-thumbnail","6":"product_cat-downtheblock-en","7":"product_cat-tirages-limites-la-vie-des-blocs-portrait-en","8":"pa_format-20x30cm-en","9":"pa_format-30x45-en","10":"pa_format-40x60-en","11":"pa_format-50x75cm-en","12":"pa_format-60x90cm-en","13":"pa_format-70-x-105-cm-en","14":"pa_format-80-x-120-cm-en","15":"desktop-align-left","16":"tablet-align-left","17":"mobile-align-left","19":"first","20":"instock","21":"taxable","22":"shipping-taxable","23":"purchasable","24":"product-type-variable"},"_links":{"self":[{"href":"https:\/\/jm-landon.com\/en\/wp-json\/wp\/v2\/product\/34837","targetHints":{"allow":["GET"]}}],"collection":[{"href":"https:\/\/jm-landon.com\/en\/wp-json\/wp\/v2\/product"}],"about":[{"href":"https:\/\/jm-landon.com\/en\/wp-json\/wp\/v2\/types\/product"}],"replies":[{"embeddable":true,"href":"https:\/\/jm-landon.com\/en\/wp-json\/wp\/v2\/comments?post=34837"}],"version-history":[{"count":0,"href":"https:\/\/jm-landon.com\/en\/wp-json\/wp\/v2\/product\/34837\/revisions"}],"wp:featuredmedia":[{"embeddable":true,"href":"https:\/\/jm-landon.com\/en\/wp-json\/wp\/v2\/media\/31714"}],"wp:attachment":[{"href":"https:\/\/jm-landon.com\/en\/wp-json\/wp\/v2\/media?parent=34837"}],"wp:term":[{"taxonomy":"product_brand","embeddable":true,"href":"https:\/\/jm-landon.com\/en\/wp-json\/wp\/v2\/product_brand?post=34837"},{"taxonomy":"product_cat","embeddable":true,"href":"https:\/\/jm-landon.com\/en\/wp-json\/wp\/v2\/product_cat?post=34837"},{"taxonomy":"product_tag","embeddable":true,"href":"https:\/\/jm-landon.com\/en\/wp-json\/wp\/v2\/product_tag?post=34837"}],"curies":[{"name":"wp","href":"https:\/\/api.w.org\/{rel}","templated":true}]}}