{"id":35121,"date":"2024-09-18T14:06:35","date_gmt":"2024-09-18T12:06:35","guid":{"rendered":"https:\/\/jm-landon.com\/?post_type=product&#038;p=35121"},"modified":"2025-07-31T19:38:31","modified_gmt":"2025-07-31T17:38:31","slug":"parfum-dautomne-oeuvre-numerotee-et-limitee-a-30-exemplaires-2","status":"publish","type":"product","link":"https:\/\/jm-landon.com\/en\/produit\/parfum-dautomne-oeuvre-numerotee-et-limitee-a-30-exemplaires-2\/","title":{"rendered":"Parfum d&#8217;automne &#8211; \u0152uvre num\u00e9rot\u00e9e et limit\u00e9e \u00e0 30 exemplaires"},"content":{"rendered":"","protected":false},"excerpt":{"rendered":"<p>Tirage r\u00e9alis\u00e9 sur du papier jet d\u2019encre <strong>Fine Art<\/strong>. (Baryta Hahnem\u00fchle pour les \u00e9ditions limit\u00e9es).<\/p>\n<p>L\u2019\u0153uvre est num\u00e9rot\u00e9e, dat\u00e9e, et sign\u00e9e par mes soins. Elle est livr\u00e9e avec un\u00a0<strong>certificat d\u2019authenticit\u00e9<\/strong>.<\/p>\n<p>Je vous propose trois possibilit\u00e9s :<\/p>\n<ul>\n<li>\u0152uvre d\u2019art\u00a0 sur papier jet d\u2019encre Fine Art sans support.<\/li>\n<li>\u0152uvre\u00a0d\u2019Art contrecoll\u00e9e sur un support dibond 2mm. Au del\u00e0 du format 60 x 90cm,\u00a0l\u2019\u0153uvre est contrecoll\u00e9e sur un support 3 mm avec un <strong>ch\u00e2ssis dorsal<\/strong> en aluminium. (Le Dibond est une plaque laqu\u00e9e fabriqu\u00e9e \u00e0 partir de poly\u00e9thyl\u00e8ne et d\u2019aluminium).\u00a0\u00a0Avec ce support, vous n\u2019avez pas besoin d\u2019acheter un cadre. <strong>La photo est pr\u00eate \u00e0 \u00eatre accroch\u00e9e telle quelle<\/strong>.<\/li>\n<li>\u0152uvre d\u2019Art encadr\u00e9e sur mesure (mati\u00e8re en bois noir mat) et contrecoll\u00e9e sur un support PVC 2mm pour <strong>am\u00e9liorer la plan\u00e9it\u00e9 du tirage<\/strong>. Passe partout blanc textur\u00e9.<\/li>\n<\/ul>\n<p>D\u2019autres techniques d\u2019impression (toile, caisse am\u00e9ricaine\u2026) sont r\u00e9alisables.<\/p>\n<p>Merci de m\u2019adresser votre demande par mail : linstablephotographie@gmail.com<\/p>\n","protected":false},"featured_media":31714,"comment_status":"closed","ping_status":"closed","template":"","meta":{"site-sidebar-layout":"default","site-content-layout":"default","ast-site-content-layout":"default","site-content-style":"default","site-sidebar-style":"default","ast-global-header-display":"","ast-banner-title-visibility":"","ast-main-header-display":"","ast-hfb-above-header-display":"","ast-hfb-below-header-display":"","ast-hfb-mobile-header-display":"","site-post-title":"","ast-breadcrumbs-content":"","ast-featured-img":"","footer-sml-layout":"","ast-disable-related-posts":"","theme-transparent-header-meta":"default","adv-header-id-meta":"","stick-header-meta":"","header-above-stick-meta":"","header-main-stick-meta":"","header-below-stick-meta":"","astra-migrate-meta-layouts":"set","ast-page-background-enabled":"default","ast-page-background-meta":{"desktop":{"background-color":"var(--ast-global-color-4)","background-image":"","background-repeat":"repeat","background-position":"center center","background-size":"auto","background-attachment":"scroll","background-type":"","background-media":"","overlay-type":"","overlay-color":"","overlay-opacity":"","overlay-gradient":""},"tablet":{"background-color":"","background-image":"","background-repeat":"repeat","background-position":"center center","background-size":"auto","background-attachment":"scroll","background-type":"","background-media":"","overlay-type":"","overlay-color":"","overlay-opacity":"","overlay-gradient":""},"mobile":{"background-color":"","background-image":"","background-repeat":"repeat","background-position":"center center","background-size":"auto","background-attachment":"scroll","background-type":"","background-media":"","overlay-type":"","overlay-color":"","overlay-opacity":"","overlay-gradient":""}},"ast-content-background-meta":{"desktop":{"background-color":"var(--ast-global-color-5)","background-image":"","background-repeat":"repeat","background-position":"center center","background-size":"auto","background-attachment":"scroll","background-type":"","background-media":"","overlay-type":"","overlay-color":"","overlay-opacity":"","overlay-gradient":""},"tablet":{"background-color":"var(--ast-global-color-5)","background-image":"","background-repeat":"repeat","background-position":"center center","background-size":"auto","background-attachment":"scroll","background-type":"","background-media":"","overlay-type":"","overlay-color":"","overlay-opacity":"","overlay-gradient":""},"mobile":{"background-color":"var(--ast-global-color-5)","background-image":"","background-repeat":"repeat","background-position":"center center","background-size":"auto","background-attachment":"scroll","background-type":"","background-media":"","overlay-type":"","overlay-color":"","overlay-opacity":"","overlay-gradient":""}}},"product_brand":[],"product_cat":[],"product_tag":[],"class_list":{"0":"post-35121","1":"product","2":"type-product","3":"status-publish","4":"has-post-thumbnail","6":"desktop-align-left","7":"tablet-align-left","8":"mobile-align-left","10":"first","11":"instock","12":"taxable","13":"shipping-taxable","14":"purchasable","15":"product-type-variable"},"_links":{"self":[{"href":"https:\/\/jm-landon.com\/en\/wp-json\/wp\/v2\/product\/35121","targetHints":{"allow":["GET"]}}],"collection":[{"href":"https:\/\/jm-landon.com\/en\/wp-json\/wp\/v2\/product"}],"about":[{"href":"https:\/\/jm-landon.com\/en\/wp-json\/wp\/v2\/types\/product"}],"replies":[{"embeddable":true,"href":"https:\/\/jm-landon.com\/en\/wp-json\/wp\/v2\/comments?post=35121"}],"version-history":[{"count":1,"href":"https:\/\/jm-landon.com\/en\/wp-json\/wp\/v2\/product\/35121\/revisions"}],"predecessor-version":[{"id":36065,"href":"https:\/\/jm-landon.com\/en\/wp-json\/wp\/v2\/product\/35121\/revisions\/36065"}],"wp:featuredmedia":[{"embeddable":true,"href":"https:\/\/jm-landon.com\/en\/wp-json\/wp\/v2\/media\/31714"}],"wp:attachment":[{"href":"https:\/\/jm-landon.com\/en\/wp-json\/wp\/v2\/media?parent=35121"}],"wp:term":[{"taxonomy":"product_brand","embeddable":true,"href":"https:\/\/jm-landon.com\/en\/wp-json\/wp\/v2\/product_brand?post=35121"},{"taxonomy":"product_cat","embeddable":true,"href":"https:\/\/jm-landon.com\/en\/wp-json\/wp\/v2\/product_cat?post=35121"},{"taxonomy":"product_tag","embeddable":true,"href":"https:\/\/jm-landon.com\/en\/wp-json\/wp\/v2\/product_tag?post=35121"}],"curies":[{"name":"wp","href":"https:\/\/api.w.org\/{rel}","templated":true}]}}