{"id":35221,"date":"2024-09-20T11:16:18","date_gmt":"2024-09-20T09:16:18","guid":{"rendered":"https:\/\/jm-landon.com\/?post_type=product&#038;p=35221"},"modified":"2026-01-19T02:50:55","modified_gmt":"2026-01-19T01:50:55","slug":"comme-tombe-du-ciel-oeuvre-numerotee-et-limitee-a-10-exemplaires","status":"publish","type":"product","link":"https:\/\/jm-landon.com\/en\/produit\/comme-tombe-du-ciel-oeuvre-numerotee-et-limitee-a-10-exemplaires\/","title":{"rendered":"Comme tomb\u00e9 du ciel &#8211; \u0152uvre num\u00e9rot\u00e9e et limit\u00e9e \u00e0 10 exemplaires"},"content":{"rendered":"<p><strong>Je vous propose deux possibilit\u00e9s<\/strong> :<\/p>\n<ol>\n<li><strong>Tirage d&#8217;Art<\/strong> sur papier jet d&#8217;encre Fine Art Hahnem\u00fchle sans support.<\/li>\n<li><strong>Tirage d&#8217;Art<\/strong> sur papier jet d&#8217;encre Fine Art Hahnem\u00fchle contrecoll\u00e9 sur un support Dibond 2mm avec barre d&#8217;accroche (haut et bas). Au del\u00e0 du format 60 x 90 cm, la photographie est contrecoll\u00e9e sur un support Dibond 3mm, dot\u00e9e un ch\u00e2ssis dorsal rentrant 30&#215;20 cm . Avec ce support, vous n&#8217;avez pas besoin d&#8217;encadrement. La photo est pr\u00eate \u00e0 \u00eatre accroch\u00e9e telle quelle.<\/li>\n<\/ol>\n<p><strong>L\u2019\u0153uvre est num\u00e9rot\u00e9e, dat\u00e9e, et sign\u00e9e par mes soins<\/strong>. Elle est livr\u00e9e avec un <strong>certificat d&#8217;authenticit\u00e9<\/strong>.<br \/>\nPour toute demande, merci de m&#8217;\u00e9crire via la page &#8220;contact&#8221;.<\/p>\n","protected":false},"excerpt":{"rendered":"<p>Je vous propose deux possibilit\u00e9s : Tirage d&#8217;Art sur papier jet d&#8217;encre Fine Art Hahnem\u00fchle sans support. Tirage d&#8217;Art sur papier jet d&#8217;encre Fine Art Hahnem\u00fchle contrecoll\u00e9 sur un support Dibond 2mm avec barre d&#8217;accroche (haut et bas). Au del\u00e0 du format 60 x 90 cm, la photographie est contrecoll\u00e9e sur un support Dibond 3mm, [&hellip;]<\/p>\n","protected":false},"featured_media":35243,"comment_status":"closed","ping_status":"closed","template":"","meta":{"site-sidebar-layout":"default","site-content-layout":"default","ast-site-content-layout":"default","site-content-style":"default","site-sidebar-style":"default","ast-global-header-display":"","ast-banner-title-visibility":"","ast-main-header-display":"","ast-hfb-above-header-display":"","ast-hfb-below-header-display":"","ast-hfb-mobile-header-display":"","site-post-title":"","ast-breadcrumbs-content":"","ast-featured-img":"","footer-sml-layout":"","ast-disable-related-posts":"","theme-transparent-header-meta":"default","adv-header-id-meta":"","stick-header-meta":"","header-above-stick-meta":"","header-main-stick-meta":"","header-below-stick-meta":"","astra-migrate-meta-layouts":"set","ast-page-background-enabled":"default","ast-page-background-meta":{"desktop":{"background-color":"var(--ast-global-color-4)","background-image":"","background-repeat":"repeat","background-position":"center center","background-size":"auto","background-attachment":"scroll","background-type":"","background-media":"","overlay-type":"","overlay-color":"","overlay-opacity":"","overlay-gradient":""},"tablet":{"background-color":"","background-image":"","background-repeat":"repeat","background-position":"center center","background-size":"auto","background-attachment":"scroll","background-type":"","background-media":"","overlay-type":"","overlay-color":"","overlay-opacity":"","overlay-gradient":""},"mobile":{"background-color":"","background-image":"","background-repeat":"repeat","background-position":"center center","background-size":"auto","background-attachment":"scroll","background-type":"","background-media":"","overlay-type":"","overlay-color":"","overlay-opacity":"","overlay-gradient":""}},"ast-content-background-meta":{"desktop":{"background-color":"var(--ast-global-color-5)","background-image":"","background-repeat":"repeat","background-position":"center center","background-size":"auto","background-attachment":"scroll","background-type":"","background-media":"","overlay-type":"","overlay-color":"","overlay-opacity":"","overlay-gradient":""},"tablet":{"background-color":"var(--ast-global-color-5)","background-image":"","background-repeat":"repeat","background-position":"center center","background-size":"auto","background-attachment":"scroll","background-type":"","background-media":"","overlay-type":"","overlay-color":"","overlay-opacity":"","overlay-gradient":""},"mobile":{"background-color":"var(--ast-global-color-5)","background-image":"","background-repeat":"repeat","background-position":"center center","background-size":"auto","background-attachment":"scroll","background-type":"","background-media":"","overlay-type":"","overlay-color":"","overlay-opacity":"","overlay-gradient":""}}},"product_brand":[],"product_cat":[140],"product_tag":[],"class_list":{"0":"post-35221","1":"product","2":"type-product","3":"status-publish","4":"has-post-thumbnail","6":"product_cat-tirages-limites-la-vie-des-blocs-portrait-en","7":"pa_format-13x19cm-en","8":"pa_format-20x30cm-en","9":"pa_format-30x45-en","10":"pa_format-40x60-en","11":"pa_format-50x75cm-en","12":"pa_format-60x90cm-en","13":"pa_format-70-x-105-cm-en","14":"pa_format-80-x-120-cm-en","15":"desktop-align-left","16":"tablet-align-left","17":"mobile-align-left","19":"first","20":"instock","21":"taxable","22":"shipping-taxable","23":"purchasable","24":"product-type-variable"},"_links":{"self":[{"href":"https:\/\/jm-landon.com\/en\/wp-json\/wp\/v2\/product\/35221","targetHints":{"allow":["GET"]}}],"collection":[{"href":"https:\/\/jm-landon.com\/en\/wp-json\/wp\/v2\/product"}],"about":[{"href":"https:\/\/jm-landon.com\/en\/wp-json\/wp\/v2\/types\/product"}],"replies":[{"embeddable":true,"href":"https:\/\/jm-landon.com\/en\/wp-json\/wp\/v2\/comments?post=35221"}],"version-history":[{"count":5,"href":"https:\/\/jm-landon.com\/en\/wp-json\/wp\/v2\/product\/35221\/revisions"}],"predecessor-version":[{"id":38018,"href":"https:\/\/jm-landon.com\/en\/wp-json\/wp\/v2\/product\/35221\/revisions\/38018"}],"wp:featuredmedia":[{"embeddable":true,"href":"https:\/\/jm-landon.com\/en\/wp-json\/wp\/v2\/media\/35243"}],"wp:attachment":[{"href":"https:\/\/jm-landon.com\/en\/wp-json\/wp\/v2\/media?parent=35221"}],"wp:term":[{"taxonomy":"product_brand","embeddable":true,"href":"https:\/\/jm-landon.com\/en\/wp-json\/wp\/v2\/product_brand?post=35221"},{"taxonomy":"product_cat","embeddable":true,"href":"https:\/\/jm-landon.com\/en\/wp-json\/wp\/v2\/product_cat?post=35221"},{"taxonomy":"product_tag","embeddable":true,"href":"https:\/\/jm-landon.com\/en\/wp-json\/wp\/v2\/product_tag?post=35221"}],"curies":[{"name":"wp","href":"https:\/\/api.w.org\/{rel}","templated":true}]}}